{"id":1839,"date":"2022-06-03T21:01:58","date_gmt":"2022-06-03T19:01:58","guid":{"rendered":"https:\/\/valdauto.lt\/?post_type=product&#038;p=1839"},"modified":"2022-06-03T21:01:58","modified_gmt":"2022-06-03T19:01:58","slug":"a2053560000-mercedes-benz-c63-galinis-guolis","status":"publish","type":"product","link":"https:\/\/valdauto.lt\/?product=a2053560000-mercedes-benz-c63-galinis-guolis","title":{"rendered":"A2053560000 mercedes benz C63 galinis guolis"},"content":{"rendered":"<p>A2053560000 mercedes benz C63 galinis guolis tinka ir kitiems modeliams<\/p>\n","protected":false},"excerpt":{"rendered":"<p>kaina u\u017e guol\u012f. Stebul\u0117 parduodama atskirai<\/p>\n","protected":false},"featured_media":1840,"template":"","meta":{"om_disable_all_campaigns":false,"_monsterinsights_skip_tracking":false,"_monsterinsights_sitenote_active":false,"_monsterinsights_sitenote_note":"","_monsterinsights_sitenote_category":0,"_uf_show_specific_survey":0,"_uf_disable_surveys":false,"slim_seo":{"title":"A2053560000 mercedes benz C63 galinis guolis","description":"A2053560000 mercedes benz C63 galinis guolis tinka ir kitiems modeliams\u00a0"}},"product_brand":[],"product_cat":[15],"product_tag":[399,96,400],"class_list":{"0":"post-1839","1":"product","2":"type-product","3":"status-publish","4":"has-post-thumbnail","6":"brand-mercedes-benz","7":"product_cat-mercedes-benz-pakaba","8":"product_tag-a2053560000","9":"product_tag-c63","10":"product_tag-mercedes-benz-c63","12":"first","13":"instock","14":"taxable","15":"shipping-taxable","16":"purchasable","17":"product-type-simple","18":"berocket_lgv_grid","19":"berocket_lgv_list_grid"},"_links":{"self":[{"href":"https:\/\/valdauto.lt\/index.php?rest_route=\/wp\/v2\/product\/1839","targetHints":{"allow":["GET"]}}],"collection":[{"href":"https:\/\/valdauto.lt\/index.php?rest_route=\/wp\/v2\/product"}],"about":[{"href":"https:\/\/valdauto.lt\/index.php?rest_route=\/wp\/v2\/types\/product"}],"version-history":[{"count":1,"href":"https:\/\/valdauto.lt\/index.php?rest_route=\/wp\/v2\/product\/1839\/revisions"}],"predecessor-version":[{"id":1841,"href":"https:\/\/valdauto.lt\/index.php?rest_route=\/wp\/v2\/product\/1839\/revisions\/1841"}],"wp:featuredmedia":[{"embeddable":true,"href":"https:\/\/valdauto.lt\/index.php?rest_route=\/wp\/v2\/media\/1840"}],"wp:attachment":[{"href":"https:\/\/valdauto.lt\/index.php?rest_route=%2Fwp%2Fv2%2Fmedia&parent=1839"}],"wp:term":[{"taxonomy":"product_brand","embeddable":true,"href":"https:\/\/valdauto.lt\/index.php?rest_route=%2Fwp%2Fv2%2Fproduct_brand&post=1839"},{"taxonomy":"product_cat","embeddable":true,"href":"https:\/\/valdauto.lt\/index.php?rest_route=%2Fwp%2Fv2%2Fproduct_cat&post=1839"},{"taxonomy":"product_tag","embeddable":true,"href":"https:\/\/valdauto.lt\/index.php?rest_route=%2Fwp%2Fv2%2Fproduct_tag&post=1839"}],"curies":[{"name":"wp","href":"https:\/\/api.w.org\/{rel}","templated":true}]}}