{"id":1836,"date":"2022-06-03T20:58:37","date_gmt":"2022-06-03T18:58:37","guid":{"rendered":"https:\/\/valdauto.lt\/?post_type=product&#038;p=1836"},"modified":"2022-06-03T20:58:38","modified_gmt":"2022-06-03T18:58:38","slug":"a2053501614-mercedes-benz-w205-c63s-galine-stebule","status":"publish","type":"product","link":"https:\/\/valdauto.lt\/?product=a2053501614-mercedes-benz-w205-c63s-galine-stebule","title":{"rendered":"A2053501614 Mercedes benz W205 C63S galin\u0117 stebul\u0117"},"content":{"rendered":"<p>Mercedes Benz C63S galin\u0117 stebul\u0117 , tinka ir C63 modeliui .<\/p>\n","protected":false},"excerpt":{"rendered":"<p>De\u0161in\u0117s pus\u0117s , tinka ir C63 ir C63S modeliui . Kaina nurodita be guolio<\/p>\n","protected":false},"featured_media":1837,"template":"","meta":{"om_disable_all_campaigns":false,"_monsterinsights_skip_tracking":false,"_monsterinsights_sitenote_active":false,"_monsterinsights_sitenote_note":"","_monsterinsights_sitenote_category":0,"_uf_show_specific_survey":0,"_uf_disable_surveys":false,"slim_seo":{"title":"A2053501614 Mercedes benz W205 C63S galin\u0117 stebul\u0117","description":"A2053501614 Mercedes Benz C63S galin\u0117 stebul\u0117 , tinka ir C63 modeliui"}},"product_brand":[],"product_cat":[15],"product_tag":[396,397,398],"class_list":{"0":"post-1836","1":"product","2":"type-product","3":"status-publish","4":"has-post-thumbnail","6":"brand-mercedes-benz","7":"product_cat-mercedes-benz-pakaba","8":"product_tag-a2053501614","9":"product_tag-c63s","10":"product_tag-mercedes-benz","12":"first","13":"instock","14":"taxable","15":"shipping-taxable","16":"purchasable","17":"product-type-simple","18":"berocket_lgv_grid","19":"berocket_lgv_list_grid"},"_links":{"self":[{"href":"https:\/\/valdauto.lt\/index.php?rest_route=\/wp\/v2\/product\/1836","targetHints":{"allow":["GET"]}}],"collection":[{"href":"https:\/\/valdauto.lt\/index.php?rest_route=\/wp\/v2\/product"}],"about":[{"href":"https:\/\/valdauto.lt\/index.php?rest_route=\/wp\/v2\/types\/product"}],"version-history":[{"count":1,"href":"https:\/\/valdauto.lt\/index.php?rest_route=\/wp\/v2\/product\/1836\/revisions"}],"predecessor-version":[{"id":1838,"href":"https:\/\/valdauto.lt\/index.php?rest_route=\/wp\/v2\/product\/1836\/revisions\/1838"}],"wp:featuredmedia":[{"embeddable":true,"href":"https:\/\/valdauto.lt\/index.php?rest_route=\/wp\/v2\/media\/1837"}],"wp:attachment":[{"href":"https:\/\/valdauto.lt\/index.php?rest_route=%2Fwp%2Fv2%2Fmedia&parent=1836"}],"wp:term":[{"taxonomy":"product_brand","embeddable":true,"href":"https:\/\/valdauto.lt\/index.php?rest_route=%2Fwp%2Fv2%2Fproduct_brand&post=1836"},{"taxonomy":"product_cat","embeddable":true,"href":"https:\/\/valdauto.lt\/index.php?rest_route=%2Fwp%2Fv2%2Fproduct_cat&post=1836"},{"taxonomy":"product_tag","embeddable":true,"href":"https:\/\/valdauto.lt\/index.php?rest_route=%2Fwp%2Fv2%2Fproduct_tag&post=1836"}],"curies":[{"name":"wp","href":"https:\/\/api.w.org\/{rel}","templated":true}]}}