{"id":1813,"date":"2022-03-27T20:37:27","date_gmt":"2022-03-27T18:37:27","guid":{"rendered":"https:\/\/valdauto.lt\/?post_type=product&#038;p=1813"},"modified":"2022-03-27T20:37:27","modified_gmt":"2022-03-27T18:37:27","slug":"mercedes-benz-galine-pakabos-oro-pagalve-a2133280200","status":"publish","type":"product","link":"https:\/\/valdauto.lt\/?product=mercedes-benz-galine-pakabos-oro-pagalve-a2133280200","title":{"rendered":"Mercedes Benz galin\u0117 pakabos oro pagalv\u0117 A2133280200"},"content":{"rendered":"<p>Mercedes Benz galin\u0117 pakabos oro pagalv\u0117 A2133280200 de\u0161in\u0117s pus\u0117s<\/p>\n","protected":false},"excerpt":{"rendered":"<p>Mercedes Benz galin\u0117 pakabos oro pagalv\u0117 A2133280200 de\u0161in\u0117s pus\u0117s . Tinka daugelis GLC E bei kitiems.<\/p>\n","protected":false},"featured_media":1814,"template":"","meta":{"om_disable_all_campaigns":false,"_monsterinsights_skip_tracking":false,"_monsterinsights_sitenote_active":false,"_monsterinsights_sitenote_note":"","_monsterinsights_sitenote_category":0,"_uf_show_specific_survey":0,"_uf_disable_surveys":false,"slim_seo":{"title":"Mercedes Benz galin\u0117 pakabos oro pagalv\u0117 A2133280200","description":"Mercedes Benz galin\u0117 pakabos oro pagalv\u0117 A2133280200 de\u0161in\u0117s pus\u0117s"}},"product_brand":[],"product_cat":[15],"product_tag":[389],"class_list":{"0":"post-1813","1":"product","2":"type-product","3":"status-publish","4":"has-post-thumbnail","6":"product_cat-mercedes-benz-pakaba","7":"product_tag-a2133280200","9":"first","10":"instock","11":"taxable","12":"shipping-taxable","13":"purchasable","14":"product-type-simple","15":"berocket_lgv_grid","16":"berocket_lgv_list_grid"},"_links":{"self":[{"href":"https:\/\/valdauto.lt\/index.php?rest_route=\/wp\/v2\/product\/1813","targetHints":{"allow":["GET"]}}],"collection":[{"href":"https:\/\/valdauto.lt\/index.php?rest_route=\/wp\/v2\/product"}],"about":[{"href":"https:\/\/valdauto.lt\/index.php?rest_route=\/wp\/v2\/types\/product"}],"version-history":[{"count":1,"href":"https:\/\/valdauto.lt\/index.php?rest_route=\/wp\/v2\/product\/1813\/revisions"}],"predecessor-version":[{"id":1815,"href":"https:\/\/valdauto.lt\/index.php?rest_route=\/wp\/v2\/product\/1813\/revisions\/1815"}],"wp:featuredmedia":[{"embeddable":true,"href":"https:\/\/valdauto.lt\/index.php?rest_route=\/wp\/v2\/media\/1814"}],"wp:attachment":[{"href":"https:\/\/valdauto.lt\/index.php?rest_route=%2Fwp%2Fv2%2Fmedia&parent=1813"}],"wp:term":[{"taxonomy":"product_brand","embeddable":true,"href":"https:\/\/valdauto.lt\/index.php?rest_route=%2Fwp%2Fv2%2Fproduct_brand&post=1813"},{"taxonomy":"product_cat","embeddable":true,"href":"https:\/\/valdauto.lt\/index.php?rest_route=%2Fwp%2Fv2%2Fproduct_cat&post=1813"},{"taxonomy":"product_tag","embeddable":true,"href":"https:\/\/valdauto.lt\/index.php?rest_route=%2Fwp%2Fv2%2Fproduct_tag&post=1813"}],"curies":[{"name":"wp","href":"https:\/\/api.w.org\/{rel}","templated":true}]}}