{"id":1792,"date":"2022-01-25T11:32:22","date_gmt":"2022-01-25T09:32:22","guid":{"rendered":"https:\/\/valdauto.lt\/?post_type=product&#038;p=1792"},"modified":"2022-01-25T11:32:23","modified_gmt":"2022-01-25T09:32:23","slug":"a2740901729-mercedes-benz-m274-voztuvas","status":"publish","type":"product","link":"https:\/\/valdauto.lt\/?product=a2740901729-mercedes-benz-m274-voztuvas","title":{"rendered":"A2740901729 mercedes Benz M274 vo\u017etuvas"},"content":{"rendered":"<p>A2740901729 mercedes Benz M274 vo\u017etuvas , 2 lit\u0173 variklio ( C300 , GLC 300 )<\/p>\n","protected":false},"excerpt":{"rendered":"<p>Tinka daugelis mercedes benz modeli\u0173, su USA versijos 2 litr\u0173 varikli\u0173 .<\/p>\n<p>Kaina su PVM\u00a0 .<\/p>\n<p>Naujas<\/p>\n<p>&nbsp;<\/p>\n","protected":false},"featured_media":1793,"template":"","meta":{"om_disable_all_campaigns":false,"_monsterinsights_skip_tracking":false,"_monsterinsights_sitenote_active":false,"_monsterinsights_sitenote_note":"","_monsterinsights_sitenote_category":0,"_uf_show_specific_survey":0,"_uf_disable_surveys":false,"slim_seo":{"title":"A2740901729 mercedes Benz M274 vo\u017etuvas","description":"A2740901729 mercedes Benz M274 vo\u017etuvas , 2 lit\u0173 variklio ( C300 , GLC 300 )\u00a0"}},"product_brand":[],"product_cat":[33],"product_tag":[],"class_list":{"0":"post-1792","1":"product","2":"type-product","3":"status-publish","4":"has-post-thumbnail","6":"product_cat-mercedes-benz-variklio-dalys","8":"first","9":"instock","10":"taxable","11":"shipping-taxable","12":"purchasable","13":"product-type-simple","14":"berocket_lgv_grid","15":"berocket_lgv_list_grid"},"_links":{"self":[{"href":"https:\/\/valdauto.lt\/index.php?rest_route=\/wp\/v2\/product\/1792","targetHints":{"allow":["GET"]}}],"collection":[{"href":"https:\/\/valdauto.lt\/index.php?rest_route=\/wp\/v2\/product"}],"about":[{"href":"https:\/\/valdauto.lt\/index.php?rest_route=\/wp\/v2\/types\/product"}],"version-history":[{"count":1,"href":"https:\/\/valdauto.lt\/index.php?rest_route=\/wp\/v2\/product\/1792\/revisions"}],"predecessor-version":[{"id":1794,"href":"https:\/\/valdauto.lt\/index.php?rest_route=\/wp\/v2\/product\/1792\/revisions\/1794"}],"wp:featuredmedia":[{"embeddable":true,"href":"https:\/\/valdauto.lt\/index.php?rest_route=\/wp\/v2\/media\/1793"}],"wp:attachment":[{"href":"https:\/\/valdauto.lt\/index.php?rest_route=%2Fwp%2Fv2%2Fmedia&parent=1792"}],"wp:term":[{"taxonomy":"product_brand","embeddable":true,"href":"https:\/\/valdauto.lt\/index.php?rest_route=%2Fwp%2Fv2%2Fproduct_brand&post=1792"},{"taxonomy":"product_cat","embeddable":true,"href":"https:\/\/valdauto.lt\/index.php?rest_route=%2Fwp%2Fv2%2Fproduct_cat&post=1792"},{"taxonomy":"product_tag","embeddable":true,"href":"https:\/\/valdauto.lt\/index.php?rest_route=%2Fwp%2Fv2%2Fproduct_tag&post=1792"}],"curies":[{"name":"wp","href":"https:\/\/api.w.org\/{rel}","templated":true}]}}