{"id":1780,"date":"2022-01-22T21:42:52","date_gmt":"2022-01-22T19:42:52","guid":{"rendered":"https:\/\/valdauto.lt\/?post_type=product&#038;p=1780"},"modified":"2022-01-22T21:42:52","modified_gmt":"2022-01-22T19:42:52","slug":"a2536840200-bagazines-vidaus-detale-glc-x253-suv","status":"publish","type":"product","link":"https:\/\/valdauto.lt\/?product=a2536840200-bagazines-vidaus-detale-glc-x253-suv","title":{"rendered":"A2536840200 baga\u017ein\u0117s vidaus detal\u0117 GLC X253 SUV"},"content":{"rendered":"<p>A2536840200 baga\u017ein\u0117s vidaus detal\u0117 GLC X253 SUV<\/p>\n","protected":false},"excerpt":{"rendered":"<p>Tinka GLC X253 SUV<\/p>\n","protected":false},"featured_media":1781,"template":"","meta":{"om_disable_all_campaigns":false,"_monsterinsights_skip_tracking":false,"_monsterinsights_sitenote_active":false,"_monsterinsights_sitenote_note":"","_monsterinsights_sitenote_category":0,"_uf_show_specific_survey":0,"_uf_disable_surveys":false,"slim_seo":{"title":"A2536840200 baga\u017ein\u0117s vidaus detal\u0117 GLC X253 SUV","description":"A2536840200 baga\u017ein\u0117s vidaus detal\u0117 GLC X253 SUV"}},"product_brand":[],"product_cat":[31],"product_tag":[377],"class_list":{"0":"post-1780","1":"product","2":"type-product","3":"status-publish","4":"has-post-thumbnail","6":"product_cat-mercedes-benz-salono-komforto-aksesuarai","7":"product_tag-a2536840200","9":"first","10":"instock","11":"taxable","12":"shipping-taxable","13":"purchasable","14":"product-type-simple","15":"berocket_lgv_grid","16":"berocket_lgv_list_grid"},"_links":{"self":[{"href":"https:\/\/valdauto.lt\/index.php?rest_route=\/wp\/v2\/product\/1780","targetHints":{"allow":["GET"]}}],"collection":[{"href":"https:\/\/valdauto.lt\/index.php?rest_route=\/wp\/v2\/product"}],"about":[{"href":"https:\/\/valdauto.lt\/index.php?rest_route=\/wp\/v2\/types\/product"}],"version-history":[{"count":1,"href":"https:\/\/valdauto.lt\/index.php?rest_route=\/wp\/v2\/product\/1780\/revisions"}],"predecessor-version":[{"id":1782,"href":"https:\/\/valdauto.lt\/index.php?rest_route=\/wp\/v2\/product\/1780\/revisions\/1782"}],"wp:featuredmedia":[{"embeddable":true,"href":"https:\/\/valdauto.lt\/index.php?rest_route=\/wp\/v2\/media\/1781"}],"wp:attachment":[{"href":"https:\/\/valdauto.lt\/index.php?rest_route=%2Fwp%2Fv2%2Fmedia&parent=1780"}],"wp:term":[{"taxonomy":"product_brand","embeddable":true,"href":"https:\/\/valdauto.lt\/index.php?rest_route=%2Fwp%2Fv2%2Fproduct_brand&post=1780"},{"taxonomy":"product_cat","embeddable":true,"href":"https:\/\/valdauto.lt\/index.php?rest_route=%2Fwp%2Fv2%2Fproduct_cat&post=1780"},{"taxonomy":"product_tag","embeddable":true,"href":"https:\/\/valdauto.lt\/index.php?rest_route=%2Fwp%2Fv2%2Fproduct_tag&post=1780"}],"curies":[{"name":"wp","href":"https:\/\/api.w.org\/{rel}","templated":true}]}}