{"id":1771,"date":"2022-01-22T21:29:34","date_gmt":"2022-01-22T19:29:34","guid":{"rendered":"https:\/\/valdauto.lt\/?post_type=product&#038;p=1771"},"modified":"2022-01-22T21:29:34","modified_gmt":"2022-01-22T19:29:34","slug":"a2538200661-priekinis-desinys-zibintas-glc-usa","status":"publish","type":"product","link":"https:\/\/valdauto.lt\/?product=a2538200661-priekinis-desinys-zibintas-glc-usa","title":{"rendered":"A2538200661 Priekinis de\u0161inys \u017eibintas GLC USA"},"content":{"rendered":"<p>A2538200661 Priekinis de\u0161inys \u017eibintas GLC USA<\/p>\n","protected":false},"excerpt":{"rendered":"<p>GLC X253 d\u0117\u0161in\u0117s pus\u0117s \u017einintas USA versijos.<\/p>\n<p>Kaina su PVM<\/p>\n<p>Yra skirting\u0173 variant\u0173, kainos svyruoja nuo 100&#8230;250<\/p>\n","protected":false},"featured_media":1772,"template":"","meta":{"om_disable_all_campaigns":false,"_monsterinsights_skip_tracking":false,"_monsterinsights_sitenote_active":false,"_monsterinsights_sitenote_note":"","_monsterinsights_sitenote_category":0,"_uf_show_specific_survey":0,"_uf_disable_surveys":false,"slim_seo":{"title":"A2538200661 Priekinis de\u0161inys \u017eibintas GLC USA","description":"A2538200661 Priekinis de\u0161inys \u017eibintas GLC USA su at\u0161vait\u0173"}},"product_brand":[],"product_cat":[21],"product_tag":[374],"class_list":{"0":"post-1771","1":"product","2":"type-product","3":"status-publish","4":"has-post-thumbnail","6":"product_cat-mercedes-benz-zibintai","7":"product_tag-a2538200661","9":"first","10":"instock","11":"taxable","12":"shipping-taxable","13":"purchasable","14":"product-type-simple","15":"berocket_lgv_grid","16":"berocket_lgv_list_grid"},"_links":{"self":[{"href":"https:\/\/valdauto.lt\/index.php?rest_route=\/wp\/v2\/product\/1771","targetHints":{"allow":["GET"]}}],"collection":[{"href":"https:\/\/valdauto.lt\/index.php?rest_route=\/wp\/v2\/product"}],"about":[{"href":"https:\/\/valdauto.lt\/index.php?rest_route=\/wp\/v2\/types\/product"}],"version-history":[{"count":1,"href":"https:\/\/valdauto.lt\/index.php?rest_route=\/wp\/v2\/product\/1771\/revisions"}],"predecessor-version":[{"id":1773,"href":"https:\/\/valdauto.lt\/index.php?rest_route=\/wp\/v2\/product\/1771\/revisions\/1773"}],"wp:featuredmedia":[{"embeddable":true,"href":"https:\/\/valdauto.lt\/index.php?rest_route=\/wp\/v2\/media\/1772"}],"wp:attachment":[{"href":"https:\/\/valdauto.lt\/index.php?rest_route=%2Fwp%2Fv2%2Fmedia&parent=1771"}],"wp:term":[{"taxonomy":"product_brand","embeddable":true,"href":"https:\/\/valdauto.lt\/index.php?rest_route=%2Fwp%2Fv2%2Fproduct_brand&post=1771"},{"taxonomy":"product_cat","embeddable":true,"href":"https:\/\/valdauto.lt\/index.php?rest_route=%2Fwp%2Fv2%2Fproduct_cat&post=1771"},{"taxonomy":"product_tag","embeddable":true,"href":"https:\/\/valdauto.lt\/index.php?rest_route=%2Fwp%2Fv2%2Fproduct_tag&post=1771"}],"curies":[{"name":"wp","href":"https:\/\/api.w.org\/{rel}","templated":true}]}}