{"id":1768,"date":"2022-01-22T21:19:53","date_gmt":"2022-01-22T19:19:53","guid":{"rendered":"https:\/\/valdauto.lt\/?post_type=product&#038;p=1768"},"modified":"2022-01-22T21:19:53","modified_gmt":"2022-01-22T19:19:53","slug":"a0998150000-mercedes-benz-rankenele-galine","status":"publish","type":"product","link":"https:\/\/valdauto.lt\/?product=a0998150000-mercedes-benz-rankenele-galine","title":{"rendered":"A0998150000 Mercedes Benz  ranken\u0117l\u0117 galin\u0117"},"content":{"rendered":"<p>A0998150000 Mercedes Benz ranken\u0117l\u0117 galin\u0117<\/p>\n","protected":false},"excerpt":{"rendered":"<p>Tinka daugelis modeli\u0173 .<\/p>\n<p>Kaina su PVM<\/p>\n","protected":false},"featured_media":1769,"template":"","meta":{"om_disable_all_campaigns":false,"_monsterinsights_skip_tracking":false,"_monsterinsights_sitenote_active":false,"_monsterinsights_sitenote_note":"","_monsterinsights_sitenote_category":0,"_uf_show_specific_survey":0,"_uf_disable_surveys":false,"slim_seo":{"title":"A0998150000 Mercedes Benz ranken\u0117l\u0117 galin\u0117","description":"A0998150000 Mercedes Benz ranken\u0117l\u0117 galin\u0117 W205 X253"}},"product_brand":[],"product_cat":[31],"product_tag":[373],"class_list":{"0":"post-1768","1":"product","2":"type-product","3":"status-publish","4":"has-post-thumbnail","6":"product_cat-mercedes-benz-salono-komforto-aksesuarai","7":"product_tag-a0998150000","9":"first","10":"instock","11":"taxable","12":"shipping-taxable","13":"purchasable","14":"product-type-simple","15":"berocket_lgv_grid","16":"berocket_lgv_list_grid"},"_links":{"self":[{"href":"https:\/\/valdauto.lt\/index.php?rest_route=\/wp\/v2\/product\/1768","targetHints":{"allow":["GET"]}}],"collection":[{"href":"https:\/\/valdauto.lt\/index.php?rest_route=\/wp\/v2\/product"}],"about":[{"href":"https:\/\/valdauto.lt\/index.php?rest_route=\/wp\/v2\/types\/product"}],"version-history":[{"count":1,"href":"https:\/\/valdauto.lt\/index.php?rest_route=\/wp\/v2\/product\/1768\/revisions"}],"predecessor-version":[{"id":1770,"href":"https:\/\/valdauto.lt\/index.php?rest_route=\/wp\/v2\/product\/1768\/revisions\/1770"}],"wp:featuredmedia":[{"embeddable":true,"href":"https:\/\/valdauto.lt\/index.php?rest_route=\/wp\/v2\/media\/1769"}],"wp:attachment":[{"href":"https:\/\/valdauto.lt\/index.php?rest_route=%2Fwp%2Fv2%2Fmedia&parent=1768"}],"wp:term":[{"taxonomy":"product_brand","embeddable":true,"href":"https:\/\/valdauto.lt\/index.php?rest_route=%2Fwp%2Fv2%2Fproduct_brand&post=1768"},{"taxonomy":"product_cat","embeddable":true,"href":"https:\/\/valdauto.lt\/index.php?rest_route=%2Fwp%2Fv2%2Fproduct_cat&post=1768"},{"taxonomy":"product_tag","embeddable":true,"href":"https:\/\/valdauto.lt\/index.php?rest_route=%2Fwp%2Fv2%2Fproduct_tag&post=1768"}],"curies":[{"name":"wp","href":"https:\/\/api.w.org\/{rel}","templated":true}]}}