{"id":1742,"date":"2022-01-18T19:36:33","date_gmt":"2022-01-18T17:36:33","guid":{"rendered":"https:\/\/valdauto.lt\/?post_type=product&#038;p=1742"},"modified":"2022-01-18T19:36:33","modified_gmt":"2022-01-18T17:36:33","slug":"a2055019000-mercedes-benz-ausinimo-slangas","status":"publish","type":"product","link":"https:\/\/valdauto.lt\/?product=a2055019000-mercedes-benz-ausinimo-slangas","title":{"rendered":"A2055019000 mercedes benz au\u0161inimo \u0161langas"},"content":{"rendered":"<p>A2055019000 mercedes benz au\u0161inimo \u0161langas<\/p>\n","protected":false},"excerpt":{"rendered":"<p>W205 modelio<\/p>\n","protected":false},"featured_media":1743,"template":"","meta":{"om_disable_all_campaigns":false,"_monsterinsights_skip_tracking":false,"_monsterinsights_sitenote_active":false,"_monsterinsights_sitenote_note":"","_monsterinsights_sitenote_category":0,"_uf_show_specific_survey":0,"_uf_disable_surveys":false,"slim_seo":{"title":"A2055019000 mercedes benz au\u0161inimo \u0161langas","description":"A2055019000 mercedes benz au\u0161inimo \u0161langas"}},"product_brand":[],"product_cat":[33],"product_tag":[],"class_list":{"0":"post-1742","1":"product","2":"type-product","3":"status-publish","4":"has-post-thumbnail","6":"product_cat-mercedes-benz-variklio-dalys","8":"first","9":"instock","10":"taxable","11":"shipping-taxable","12":"purchasable","13":"product-type-simple","14":"berocket_lgv_grid","15":"berocket_lgv_list_grid"},"_links":{"self":[{"href":"https:\/\/valdauto.lt\/index.php?rest_route=\/wp\/v2\/product\/1742","targetHints":{"allow":["GET"]}}],"collection":[{"href":"https:\/\/valdauto.lt\/index.php?rest_route=\/wp\/v2\/product"}],"about":[{"href":"https:\/\/valdauto.lt\/index.php?rest_route=\/wp\/v2\/types\/product"}],"version-history":[{"count":1,"href":"https:\/\/valdauto.lt\/index.php?rest_route=\/wp\/v2\/product\/1742\/revisions"}],"predecessor-version":[{"id":1744,"href":"https:\/\/valdauto.lt\/index.php?rest_route=\/wp\/v2\/product\/1742\/revisions\/1744"}],"wp:featuredmedia":[{"embeddable":true,"href":"https:\/\/valdauto.lt\/index.php?rest_route=\/wp\/v2\/media\/1743"}],"wp:attachment":[{"href":"https:\/\/valdauto.lt\/index.php?rest_route=%2Fwp%2Fv2%2Fmedia&parent=1742"}],"wp:term":[{"taxonomy":"product_brand","embeddable":true,"href":"https:\/\/valdauto.lt\/index.php?rest_route=%2Fwp%2Fv2%2Fproduct_brand&post=1742"},{"taxonomy":"product_cat","embeddable":true,"href":"https:\/\/valdauto.lt\/index.php?rest_route=%2Fwp%2Fv2%2Fproduct_cat&post=1742"},{"taxonomy":"product_tag","embeddable":true,"href":"https:\/\/valdauto.lt\/index.php?rest_route=%2Fwp%2Fv2%2Fproduct_tag&post=1742"}],"curies":[{"name":"wp","href":"https:\/\/api.w.org\/{rel}","templated":true}]}}