{"id":1736,"date":"2022-01-18T19:25:17","date_gmt":"2022-01-18T17:25:17","guid":{"rendered":"https:\/\/valdauto.lt\/?post_type=product&#038;p=1736"},"modified":"2022-01-18T19:25:17","modified_gmt":"2022-01-18T17:25:17","slug":"a2055013691-mercedes-benz-w205-klases-ausinimo-slangas","status":"publish","type":"product","link":"https:\/\/valdauto.lt\/?product=a2055013691-mercedes-benz-w205-klases-ausinimo-slangas","title":{"rendered":"A2055013691 mercedes benz W205 klas\u0117s au\u0161inimo \u0161langas"},"content":{"rendered":"<p>A2055013691 mercedes benz W205 klas\u0117s au\u0161inimo \u0161langas<\/p>\n","protected":false},"excerpt":{"rendered":"<p>W205 \u0161langas<\/p>\n","protected":false},"featured_media":1737,"template":"","meta":{"om_disable_all_campaigns":false,"_monsterinsights_skip_tracking":false,"_monsterinsights_sitenote_active":false,"_monsterinsights_sitenote_note":"","_monsterinsights_sitenote_category":0,"_uf_show_specific_survey":0,"_uf_disable_surveys":false,"slim_seo":{"title":"A2055013691 mercedes benz W205 klas\u0117s au\u0161inimo \u0161langas","description":"A2055013691 mercedes benz W205 klas\u0117s au\u0161inimo \u0161langas"}},"product_brand":[],"product_cat":[33],"product_tag":[363],"class_list":{"0":"post-1736","1":"product","2":"type-product","3":"status-publish","4":"has-post-thumbnail","6":"product_cat-mercedes-benz-variklio-dalys","7":"product_tag-a2055013691","9":"first","10":"instock","11":"taxable","12":"shipping-taxable","13":"purchasable","14":"product-type-simple","15":"berocket_lgv_grid","16":"berocket_lgv_list_grid"},"_links":{"self":[{"href":"https:\/\/valdauto.lt\/index.php?rest_route=\/wp\/v2\/product\/1736","targetHints":{"allow":["GET"]}}],"collection":[{"href":"https:\/\/valdauto.lt\/index.php?rest_route=\/wp\/v2\/product"}],"about":[{"href":"https:\/\/valdauto.lt\/index.php?rest_route=\/wp\/v2\/types\/product"}],"version-history":[{"count":1,"href":"https:\/\/valdauto.lt\/index.php?rest_route=\/wp\/v2\/product\/1736\/revisions"}],"predecessor-version":[{"id":1738,"href":"https:\/\/valdauto.lt\/index.php?rest_route=\/wp\/v2\/product\/1736\/revisions\/1738"}],"wp:featuredmedia":[{"embeddable":true,"href":"https:\/\/valdauto.lt\/index.php?rest_route=\/wp\/v2\/media\/1737"}],"wp:attachment":[{"href":"https:\/\/valdauto.lt\/index.php?rest_route=%2Fwp%2Fv2%2Fmedia&parent=1736"}],"wp:term":[{"taxonomy":"product_brand","embeddable":true,"href":"https:\/\/valdauto.lt\/index.php?rest_route=%2Fwp%2Fv2%2Fproduct_brand&post=1736"},{"taxonomy":"product_cat","embeddable":true,"href":"https:\/\/valdauto.lt\/index.php?rest_route=%2Fwp%2Fv2%2Fproduct_cat&post=1736"},{"taxonomy":"product_tag","embeddable":true,"href":"https:\/\/valdauto.lt\/index.php?rest_route=%2Fwp%2Fv2%2Fproduct_tag&post=1736"}],"curies":[{"name":"wp","href":"https:\/\/api.w.org\/{rel}","templated":true}]}}