{"id":1727,"date":"2022-01-18T19:14:40","date_gmt":"2022-01-18T17:14:40","guid":{"rendered":"https:\/\/valdauto.lt\/?post_type=product&#038;p=1727"},"modified":"2022-01-18T19:14:41","modified_gmt":"2022-01-18T17:14:41","slug":"a2135011782-mercedes-benz-e-w213-ausinimo-slanga","status":"publish","type":"product","link":"https:\/\/valdauto.lt\/?product=a2135011782-mercedes-benz-e-w213-ausinimo-slanga","title":{"rendered":"A2135011782 mercedes benz E (W213) Au\u0161inimo \u0161langa"},"content":{"rendered":"<p>A2135011782 mercedes benz E (W213) Au\u0161inimo \u0161langa<\/p>\n","protected":false},"excerpt":{"rendered":"<p>W213 E klas\u0117s<\/p>\n","protected":false},"featured_media":1728,"template":"","meta":{"om_disable_all_campaigns":false,"_monsterinsights_skip_tracking":false,"_monsterinsights_sitenote_active":false,"_monsterinsights_sitenote_note":"","_monsterinsights_sitenote_category":0,"_uf_show_specific_survey":0,"_uf_disable_surveys":false,"slim_seo":{"title":"A2135011782 mercedes benz E (W213) Au\u0161inimo \u0161langa","description":"A2135011782 mercedes benz E (W213) Au\u0161inimo \u0161langa"}},"product_brand":[],"product_cat":[33],"product_tag":[360],"class_list":{"0":"post-1727","1":"product","2":"type-product","3":"status-publish","4":"has-post-thumbnail","6":"product_cat-mercedes-benz-variklio-dalys","7":"product_tag-a2135011782","9":"first","10":"instock","11":"taxable","12":"shipping-taxable","13":"purchasable","14":"product-type-simple","15":"berocket_lgv_grid","16":"berocket_lgv_list_grid"},"_links":{"self":[{"href":"https:\/\/valdauto.lt\/index.php?rest_route=\/wp\/v2\/product\/1727","targetHints":{"allow":["GET"]}}],"collection":[{"href":"https:\/\/valdauto.lt\/index.php?rest_route=\/wp\/v2\/product"}],"about":[{"href":"https:\/\/valdauto.lt\/index.php?rest_route=\/wp\/v2\/types\/product"}],"version-history":[{"count":1,"href":"https:\/\/valdauto.lt\/index.php?rest_route=\/wp\/v2\/product\/1727\/revisions"}],"predecessor-version":[{"id":1729,"href":"https:\/\/valdauto.lt\/index.php?rest_route=\/wp\/v2\/product\/1727\/revisions\/1729"}],"wp:featuredmedia":[{"embeddable":true,"href":"https:\/\/valdauto.lt\/index.php?rest_route=\/wp\/v2\/media\/1728"}],"wp:attachment":[{"href":"https:\/\/valdauto.lt\/index.php?rest_route=%2Fwp%2Fv2%2Fmedia&parent=1727"}],"wp:term":[{"taxonomy":"product_brand","embeddable":true,"href":"https:\/\/valdauto.lt\/index.php?rest_route=%2Fwp%2Fv2%2Fproduct_brand&post=1727"},{"taxonomy":"product_cat","embeddable":true,"href":"https:\/\/valdauto.lt\/index.php?rest_route=%2Fwp%2Fv2%2Fproduct_cat&post=1727"},{"taxonomy":"product_tag","embeddable":true,"href":"https:\/\/valdauto.lt\/index.php?rest_route=%2Fwp%2Fv2%2Fproduct_tag&post=1727"}],"curies":[{"name":"wp","href":"https:\/\/api.w.org\/{rel}","templated":true}]}}