{"id":1724,"date":"2022-01-18T19:10:59","date_gmt":"2022-01-18T17:10:59","guid":{"rendered":"https:\/\/valdauto.lt\/?post_type=product&#038;p=1724"},"modified":"2022-01-18T19:10:59","modified_gmt":"2022-01-18T17:10:59","slug":"a2535012400-variklio-ausinimo-vamzdelis","status":"publish","type":"product","link":"https:\/\/valdauto.lt\/?product=a2535012400-variklio-ausinimo-vamzdelis","title":{"rendered":"A2535012400 Variklio au\u0161inimo vamzdelis"},"content":{"rendered":"<p>GLC kals\u0117s variklio au\u0161inimo vamzdis .<\/p>\n","protected":false},"excerpt":{"rendered":"<p>GLC X253 klas\u0117s<\/p>\n","protected":false},"featured_media":1725,"template":"","meta":{"om_disable_all_campaigns":false,"_monsterinsights_skip_tracking":false,"_monsterinsights_sitenote_active":false,"_monsterinsights_sitenote_note":"","_monsterinsights_sitenote_category":0,"_uf_show_specific_survey":0,"_uf_disable_surveys":false,"slim_seo":{"title":"A2535012400 Variklio au\u0161inimo vamzdelis","description":"GLC kals\u0117s A2535012400 Variklio au\u0161inimo vamzdelis"}},"product_brand":[],"product_cat":[33],"product_tag":[359],"class_list":{"0":"post-1724","1":"product","2":"type-product","3":"status-publish","4":"has-post-thumbnail","6":"product_cat-mercedes-benz-variklio-dalys","7":"product_tag-a2535012400","9":"first","10":"instock","11":"taxable","12":"shipping-taxable","13":"purchasable","14":"product-type-simple","15":"berocket_lgv_grid","16":"berocket_lgv_list_grid"},"_links":{"self":[{"href":"https:\/\/valdauto.lt\/index.php?rest_route=\/wp\/v2\/product\/1724","targetHints":{"allow":["GET"]}}],"collection":[{"href":"https:\/\/valdauto.lt\/index.php?rest_route=\/wp\/v2\/product"}],"about":[{"href":"https:\/\/valdauto.lt\/index.php?rest_route=\/wp\/v2\/types\/product"}],"version-history":[{"count":1,"href":"https:\/\/valdauto.lt\/index.php?rest_route=\/wp\/v2\/product\/1724\/revisions"}],"predecessor-version":[{"id":1726,"href":"https:\/\/valdauto.lt\/index.php?rest_route=\/wp\/v2\/product\/1724\/revisions\/1726"}],"wp:featuredmedia":[{"embeddable":true,"href":"https:\/\/valdauto.lt\/index.php?rest_route=\/wp\/v2\/media\/1725"}],"wp:attachment":[{"href":"https:\/\/valdauto.lt\/index.php?rest_route=%2Fwp%2Fv2%2Fmedia&parent=1724"}],"wp:term":[{"taxonomy":"product_brand","embeddable":true,"href":"https:\/\/valdauto.lt\/index.php?rest_route=%2Fwp%2Fv2%2Fproduct_brand&post=1724"},{"taxonomy":"product_cat","embeddable":true,"href":"https:\/\/valdauto.lt\/index.php?rest_route=%2Fwp%2Fv2%2Fproduct_cat&post=1724"},{"taxonomy":"product_tag","embeddable":true,"href":"https:\/\/valdauto.lt\/index.php?rest_route=%2Fwp%2Fv2%2Fproduct_tag&post=1724"}],"curies":[{"name":"wp","href":"https:\/\/api.w.org\/{rel}","templated":true}]}}