{"id":1699,"date":"2022-01-18T16:58:06","date_gmt":"2022-01-18T14:58:06","guid":{"rendered":"https:\/\/valdauto.lt\/?post_type=product&#038;p=1699"},"modified":"2022-01-18T16:58:06","modified_gmt":"2022-01-18T14:58:06","slug":"mercedes-benz-vairo-rite-w205-x253","status":"publish","type":"product","link":"https:\/\/valdauto.lt\/?product=mercedes-benz-vairo-rite-w205-x253","title":{"rendered":"Mercedes Benz vairo rit\u0117 W205 X253"},"content":{"rendered":"<p>Vairo rit\u0117 tinkanti \u012f daugelis modeli\u0173 .<\/p>\n<p>4 kontaktai + 3 kontaktai<\/p>\n","protected":false},"excerpt":{"rendered":"<p>X253 \/ W205<\/p>\n","protected":false},"featured_media":1700,"template":"","meta":{"om_disable_all_campaigns":false,"_monsterinsights_skip_tracking":false,"_monsterinsights_sitenote_active":false,"_monsterinsights_sitenote_note":"","_monsterinsights_sitenote_category":0,"_uf_show_specific_survey":0,"_uf_disable_surveys":false,"slim_seo":{"title":"Mercedes Benz vairo rit\u0117 W205 X253","description":"Mercedes Benz vairo rit\u0117 W205 X253 tinkanti \u012f daulegis mercedes modeli\u0173"}},"product_brand":[],"product_cat":[22],"product_tag":[],"class_list":{"0":"post-1699","1":"product","2":"type-product","3":"status-publish","4":"has-post-thumbnail","6":"product_cat-mercedes-benz-elektronika","8":"first","9":"instock","10":"taxable","11":"shipping-taxable","12":"purchasable","13":"product-type-simple","14":"berocket_lgv_grid","15":"berocket_lgv_list_grid"},"_links":{"self":[{"href":"https:\/\/valdauto.lt\/index.php?rest_route=\/wp\/v2\/product\/1699","targetHints":{"allow":["GET"]}}],"collection":[{"href":"https:\/\/valdauto.lt\/index.php?rest_route=\/wp\/v2\/product"}],"about":[{"href":"https:\/\/valdauto.lt\/index.php?rest_route=\/wp\/v2\/types\/product"}],"version-history":[{"count":1,"href":"https:\/\/valdauto.lt\/index.php?rest_route=\/wp\/v2\/product\/1699\/revisions"}],"predecessor-version":[{"id":1701,"href":"https:\/\/valdauto.lt\/index.php?rest_route=\/wp\/v2\/product\/1699\/revisions\/1701"}],"wp:featuredmedia":[{"embeddable":true,"href":"https:\/\/valdauto.lt\/index.php?rest_route=\/wp\/v2\/media\/1700"}],"wp:attachment":[{"href":"https:\/\/valdauto.lt\/index.php?rest_route=%2Fwp%2Fv2%2Fmedia&parent=1699"}],"wp:term":[{"taxonomy":"product_brand","embeddable":true,"href":"https:\/\/valdauto.lt\/index.php?rest_route=%2Fwp%2Fv2%2Fproduct_brand&post=1699"},{"taxonomy":"product_cat","embeddable":true,"href":"https:\/\/valdauto.lt\/index.php?rest_route=%2Fwp%2Fv2%2Fproduct_cat&post=1699"},{"taxonomy":"product_tag","embeddable":true,"href":"https:\/\/valdauto.lt\/index.php?rest_route=%2Fwp%2Fv2%2Fproduct_tag&post=1699"}],"curies":[{"name":"wp","href":"https:\/\/api.w.org\/{rel}","templated":true}]}}