{"id":1690,"date":"2022-01-16T20:34:25","date_gmt":"2022-01-16T18:34:25","guid":{"rendered":"https:\/\/valdauto.lt\/?post_type=product&#038;p=1690"},"modified":"2022-01-16T20:34:25","modified_gmt":"2022-01-16T18:34:25","slug":"a2535404703-glc-coupe-galinio-bamperio-laidu-pyne","status":"publish","type":"product","link":"https:\/\/valdauto.lt\/?product=a2535404703-glc-coupe-galinio-bamperio-laidu-pyne","title":{"rendered":"A2535404703 GLC coupe galinio bamperio laid\u0173 pyn\u0117"},"content":{"rendered":"<p>A2535404703 GLC coupe galinio bamerio laid\u0173 pyn\u0117 su distroniko funkcija<\/p>\n","protected":false},"excerpt":{"rendered":"<p>Su 3 radarais bei komforti\u0161ko atidarimo funkcija<\/p>\n","protected":false},"featured_media":1691,"template":"","meta":{"om_disable_all_campaigns":false,"_monsterinsights_skip_tracking":false,"_monsterinsights_sitenote_active":false,"_monsterinsights_sitenote_note":"","_monsterinsights_sitenote_category":0,"_uf_show_specific_survey":0,"_uf_disable_surveys":false,"slim_seo":{"title":"A2535404703 GLC coupe galinio bamperio laid\u0173 pyn\u0117","description":"A2535404703 GLC coupe galinio bamerio laid\u0173 pyn\u0117 su distroniko funkcija"}},"product_brand":[],"product_cat":[22],"product_tag":[351,298,300,348],"class_list":{"0":"post-1690","1":"product","2":"type-product","3":"status-publish","4":"has-post-thumbnail","6":"product_cat-mercedes-benz-elektronika","7":"product_tag-a2535404703","8":"product_tag-glc-dalys","9":"product_tag-mercedes-benz-dalys","10":"product_tag-mercedes-glc-dalys","12":"first","13":"instock","14":"taxable","15":"shipping-taxable","16":"purchasable","17":"product-type-simple","18":"berocket_lgv_grid","19":"berocket_lgv_list_grid"},"_links":{"self":[{"href":"https:\/\/valdauto.lt\/index.php?rest_route=\/wp\/v2\/product\/1690","targetHints":{"allow":["GET"]}}],"collection":[{"href":"https:\/\/valdauto.lt\/index.php?rest_route=\/wp\/v2\/product"}],"about":[{"href":"https:\/\/valdauto.lt\/index.php?rest_route=\/wp\/v2\/types\/product"}],"version-history":[{"count":1,"href":"https:\/\/valdauto.lt\/index.php?rest_route=\/wp\/v2\/product\/1690\/revisions"}],"predecessor-version":[{"id":1692,"href":"https:\/\/valdauto.lt\/index.php?rest_route=\/wp\/v2\/product\/1690\/revisions\/1692"}],"wp:featuredmedia":[{"embeddable":true,"href":"https:\/\/valdauto.lt\/index.php?rest_route=\/wp\/v2\/media\/1691"}],"wp:attachment":[{"href":"https:\/\/valdauto.lt\/index.php?rest_route=%2Fwp%2Fv2%2Fmedia&parent=1690"}],"wp:term":[{"taxonomy":"product_brand","embeddable":true,"href":"https:\/\/valdauto.lt\/index.php?rest_route=%2Fwp%2Fv2%2Fproduct_brand&post=1690"},{"taxonomy":"product_cat","embeddable":true,"href":"https:\/\/valdauto.lt\/index.php?rest_route=%2Fwp%2Fv2%2Fproduct_cat&post=1690"},{"taxonomy":"product_tag","embeddable":true,"href":"https:\/\/valdauto.lt\/index.php?rest_route=%2Fwp%2Fv2%2Fproduct_tag&post=1690"}],"curies":[{"name":"wp","href":"https:\/\/api.w.org\/{rel}","templated":true}]}}