{"id":1684,"date":"2022-01-16T20:20:10","date_gmt":"2022-01-16T18:20:10","guid":{"rendered":"https:\/\/valdauto.lt\/?post_type=product&#038;p=1684"},"modified":"2022-01-16T20:20:10","modified_gmt":"2022-01-16T18:20:10","slug":"a2056807003-priekinio-slenkscio-apdaila-vidine","status":"publish","type":"product","link":"https:\/\/valdauto.lt\/?product=a2056807003-priekinio-slenkscio-apdaila-vidine","title":{"rendered":"A2056807003 Priekinio slenks\u010dio apdaila vidin\u0117"},"content":{"rendered":"<p>A2056807003 Priekinio slenks\u010dio apdaila vidin\u0117 .<\/p>\n<p>Testuota<\/p>\n","protected":false},"excerpt":{"rendered":"<p>Mercedes Benz GLC \/ C klas\u0117s salono apdaila. Dalys testuotos.<\/p>\n<p>Kaina su PVM<\/p>\n","protected":false},"featured_media":1685,"template":"","meta":{"om_disable_all_campaigns":false,"_monsterinsights_skip_tracking":false,"_monsterinsights_sitenote_active":false,"_monsterinsights_sitenote_note":"","_monsterinsights_sitenote_category":0,"_uf_show_specific_survey":0,"_uf_disable_surveys":false,"slim_seo":{"title":"A2056807003 Priekinio slenks\u010dio apdaila vidin\u0117","description":"A2056807003 Priekinio slenks\u010dio apdaila vidin\u0117, GLC C klas\u0117s"}},"product_brand":[],"product_cat":[22],"product_tag":[349,298,348],"class_list":{"0":"post-1684","1":"product","2":"type-product","3":"status-publish","4":"has-post-thumbnail","6":"product_cat-mercedes-benz-elektronika","7":"product_tag-a2056807003","8":"product_tag-glc-dalys","9":"product_tag-mercedes-glc-dalys","11":"first","12":"instock","13":"taxable","14":"shipping-taxable","15":"purchasable","16":"product-type-simple","17":"berocket_lgv_grid","18":"berocket_lgv_list_grid"},"_links":{"self":[{"href":"https:\/\/valdauto.lt\/index.php?rest_route=\/wp\/v2\/product\/1684","targetHints":{"allow":["GET"]}}],"collection":[{"href":"https:\/\/valdauto.lt\/index.php?rest_route=\/wp\/v2\/product"}],"about":[{"href":"https:\/\/valdauto.lt\/index.php?rest_route=\/wp\/v2\/types\/product"}],"version-history":[{"count":1,"href":"https:\/\/valdauto.lt\/index.php?rest_route=\/wp\/v2\/product\/1684\/revisions"}],"predecessor-version":[{"id":1686,"href":"https:\/\/valdauto.lt\/index.php?rest_route=\/wp\/v2\/product\/1684\/revisions\/1686"}],"wp:featuredmedia":[{"embeddable":true,"href":"https:\/\/valdauto.lt\/index.php?rest_route=\/wp\/v2\/media\/1685"}],"wp:attachment":[{"href":"https:\/\/valdauto.lt\/index.php?rest_route=%2Fwp%2Fv2%2Fmedia&parent=1684"}],"wp:term":[{"taxonomy":"product_brand","embeddable":true,"href":"https:\/\/valdauto.lt\/index.php?rest_route=%2Fwp%2Fv2%2Fproduct_brand&post=1684"},{"taxonomy":"product_cat","embeddable":true,"href":"https:\/\/valdauto.lt\/index.php?rest_route=%2Fwp%2Fv2%2Fproduct_cat&post=1684"},{"taxonomy":"product_tag","embeddable":true,"href":"https:\/\/valdauto.lt\/index.php?rest_route=%2Fwp%2Fv2%2Fproduct_tag&post=1684"}],"curies":[{"name":"wp","href":"https:\/\/api.w.org\/{rel}","templated":true}]}}