{"id":1674,"date":"2022-01-10T17:28:02","date_gmt":"2022-01-10T15:28:02","guid":{"rendered":"https:\/\/valdauto.lt\/?post_type=product&#038;p=1674"},"modified":"2022-01-10T18:11:48","modified_gmt":"2022-01-10T16:11:48","slug":"a2059059000-oro-pagalviu-smugio-daviklis-mercedes-benz-w205","status":"publish","type":"product","link":"https:\/\/valdauto.lt\/?product=a2059059000-oro-pagalviu-smugio-daviklis-mercedes-benz-w205","title":{"rendered":"A2059059000 Oro pagalvi\u0173 sm\u016bgio daviklis  Mercedes-Benz  W205"},"content":{"rendered":"<p>A2059059000 Oro pagalvi\u0173 sm\u016bgio daviklis Mercedes-Benz W205<\/p>\n","protected":false},"excerpt":{"rendered":"<p>W205 Sedan \/ Coupe \/ Combi<\/p>\n","protected":false},"featured_media":1675,"template":"","meta":{"om_disable_all_campaigns":false,"_monsterinsights_skip_tracking":false,"_monsterinsights_sitenote_active":false,"_monsterinsights_sitenote_note":"","_monsterinsights_sitenote_category":0,"_uf_show_specific_survey":0,"_uf_disable_surveys":false,"slim_seo":{"title":"A2059059000 Oro pagalvi\u0173 sm\u016bgio daviklis Mercedes-Benz W205","description":"A2059059000 Oro pagalvi\u0173 sm\u016bgio daviklis Mercedes-Benz"}},"product_brand":[],"product_cat":[22],"product_tag":[100],"class_list":{"0":"post-1674","1":"product","2":"type-product","3":"status-publish","4":"has-post-thumbnail","6":"product_cat-mercedes-benz-elektronika","7":"product_tag-a2059059000","9":"first","10":"instock","11":"taxable","12":"shipping-taxable","13":"purchasable","14":"product-type-simple","15":"berocket_lgv_grid","16":"berocket_lgv_list_grid"},"_links":{"self":[{"href":"https:\/\/valdauto.lt\/index.php?rest_route=\/wp\/v2\/product\/1674","targetHints":{"allow":["GET"]}}],"collection":[{"href":"https:\/\/valdauto.lt\/index.php?rest_route=\/wp\/v2\/product"}],"about":[{"href":"https:\/\/valdauto.lt\/index.php?rest_route=\/wp\/v2\/types\/product"}],"version-history":[{"count":1,"href":"https:\/\/valdauto.lt\/index.php?rest_route=\/wp\/v2\/product\/1674\/revisions"}],"predecessor-version":[{"id":1676,"href":"https:\/\/valdauto.lt\/index.php?rest_route=\/wp\/v2\/product\/1674\/revisions\/1676"}],"wp:featuredmedia":[{"embeddable":true,"href":"https:\/\/valdauto.lt\/index.php?rest_route=\/wp\/v2\/media\/1675"}],"wp:attachment":[{"href":"https:\/\/valdauto.lt\/index.php?rest_route=%2Fwp%2Fv2%2Fmedia&parent=1674"}],"wp:term":[{"taxonomy":"product_brand","embeddable":true,"href":"https:\/\/valdauto.lt\/index.php?rest_route=%2Fwp%2Fv2%2Fproduct_brand&post=1674"},{"taxonomy":"product_cat","embeddable":true,"href":"https:\/\/valdauto.lt\/index.php?rest_route=%2Fwp%2Fv2%2Fproduct_cat&post=1674"},{"taxonomy":"product_tag","embeddable":true,"href":"https:\/\/valdauto.lt\/index.php?rest_route=%2Fwp%2Fv2%2Fproduct_tag&post=1674"}],"curies":[{"name":"wp","href":"https:\/\/api.w.org\/{rel}","templated":true}]}}