{"id":1649,"date":"2021-12-22T23:24:13","date_gmt":"2021-12-22T21:24:13","guid":{"rendered":"https:\/\/valdauto.lt\/?post_type=product&#038;p=1649"},"modified":"2021-12-22T23:24:13","modified_gmt":"2021-12-22T21:24:13","slug":"a2537200248-glc-x253-garso-koloneles-dangtelis-su-garsiakalbiu","status":"publish","type":"product","link":"https:\/\/valdauto.lt\/?product=a2537200248-glc-x253-garso-koloneles-dangtelis-su-garsiakalbiu","title":{"rendered":"A2537200248 GLC X253 Garso kolon\u0117l\u0117s dangtelis su garsiakalbiu"},"content":{"rendered":"<p>A2537200248 GLC X253 Garso kolon\u0117l\u0117s dangtelis su garsiakalbiu<\/p>\n","protected":false},"excerpt":{"rendered":"<p>Tinka GLC SUV \/ Coupe<\/p>\n","protected":false},"featured_media":1651,"template":"","meta":{"om_disable_all_campaigns":false,"_monsterinsights_skip_tracking":false,"_monsterinsights_sitenote_active":false,"_monsterinsights_sitenote_note":"","_monsterinsights_sitenote_category":0,"_uf_show_specific_survey":0,"_uf_disable_surveys":false,"slim_seo":{"title":"A2537200248 GLC X253 Garso kolon\u0117l\u0117s dangtelis","description":"A2537200248 GLC X253 Garso kolon\u0117l\u0117s dangtelis su garsiakalbiu"}},"product_brand":[],"product_cat":[22],"product_tag":[337],"class_list":{"0":"post-1649","1":"product","2":"type-product","3":"status-publish","4":"has-post-thumbnail","6":"product_cat-mercedes-benz-elektronika","7":"product_tag-a2537200248","9":"first","10":"instock","11":"taxable","12":"shipping-taxable","13":"purchasable","14":"product-type-simple","15":"berocket_lgv_grid","16":"berocket_lgv_list_grid"},"_links":{"self":[{"href":"https:\/\/valdauto.lt\/index.php?rest_route=\/wp\/v2\/product\/1649","targetHints":{"allow":["GET"]}}],"collection":[{"href":"https:\/\/valdauto.lt\/index.php?rest_route=\/wp\/v2\/product"}],"about":[{"href":"https:\/\/valdauto.lt\/index.php?rest_route=\/wp\/v2\/types\/product"}],"version-history":[{"count":1,"href":"https:\/\/valdauto.lt\/index.php?rest_route=\/wp\/v2\/product\/1649\/revisions"}],"predecessor-version":[{"id":1652,"href":"https:\/\/valdauto.lt\/index.php?rest_route=\/wp\/v2\/product\/1649\/revisions\/1652"}],"wp:featuredmedia":[{"embeddable":true,"href":"https:\/\/valdauto.lt\/index.php?rest_route=\/wp\/v2\/media\/1651"}],"wp:attachment":[{"href":"https:\/\/valdauto.lt\/index.php?rest_route=%2Fwp%2Fv2%2Fmedia&parent=1649"}],"wp:term":[{"taxonomy":"product_brand","embeddable":true,"href":"https:\/\/valdauto.lt\/index.php?rest_route=%2Fwp%2Fv2%2Fproduct_brand&post=1649"},{"taxonomy":"product_cat","embeddable":true,"href":"https:\/\/valdauto.lt\/index.php?rest_route=%2Fwp%2Fv2%2Fproduct_cat&post=1649"},{"taxonomy":"product_tag","embeddable":true,"href":"https:\/\/valdauto.lt\/index.php?rest_route=%2Fwp%2Fv2%2Fproduct_tag&post=1649"}],"curies":[{"name":"wp","href":"https:\/\/api.w.org\/{rel}","templated":true}]}}