{"id":1640,"date":"2021-12-22T22:56:49","date_gmt":"2021-12-22T20:56:49","guid":{"rendered":"https:\/\/valdauto.lt\/?post_type=product&#038;p=1640"},"modified":"2021-12-22T22:56:50","modified_gmt":"2021-12-22T20:56:50","slug":"a2538850821-mercedes-benz-glc-x253-galinis-laikiklis-bamperio-desines","status":"publish","type":"product","link":"https:\/\/valdauto.lt\/?product=a2538850821-mercedes-benz-glc-x253-galinis-laikiklis-bamperio-desines","title":{"rendered":"A2538850821 Mercedes-Benz GLC X253 galinis laikiklis bamperio de\u0161in\u0117s"},"content":{"rendered":"<p>A2538850821 Mercedes-Benz GLC X253 galinis laikiklis bamperio de\u0161in\u0117s<\/p>\n","protected":false},"excerpt":{"rendered":"<p>GLC X253 Coupe<\/p>\n","protected":false},"featured_media":1641,"template":"","meta":{"om_disable_all_campaigns":false,"_monsterinsights_skip_tracking":false,"_monsterinsights_sitenote_active":false,"_monsterinsights_sitenote_note":"","_monsterinsights_sitenote_category":0,"_uf_show_specific_survey":0,"_uf_disable_surveys":false,"slim_seo":{"title":"A2538850821 Mercedes-Benz GLC X253 galinis laikiklis de\u0161in\u0117s","description":"A2538850821 Mercedes-Benz GLC X253 galinis laikiklis bamperio de\u0161in\u0117s"}},"product_brand":[],"product_cat":[20],"product_tag":[334,25,298],"class_list":{"0":"post-1640","1":"product","2":"type-product","3":"status-publish","4":"has-post-thumbnail","6":"product_cat-mercedes-benz-kebulo-dalys","7":"product_tag-a2538850821","8":"product_tag-glc-coupe","9":"product_tag-glc-dalys","11":"first","12":"instock","13":"taxable","14":"shipping-taxable","15":"purchasable","16":"product-type-simple","17":"berocket_lgv_grid","18":"berocket_lgv_list_grid"},"_links":{"self":[{"href":"https:\/\/valdauto.lt\/index.php?rest_route=\/wp\/v2\/product\/1640","targetHints":{"allow":["GET"]}}],"collection":[{"href":"https:\/\/valdauto.lt\/index.php?rest_route=\/wp\/v2\/product"}],"about":[{"href":"https:\/\/valdauto.lt\/index.php?rest_route=\/wp\/v2\/types\/product"}],"version-history":[{"count":1,"href":"https:\/\/valdauto.lt\/index.php?rest_route=\/wp\/v2\/product\/1640\/revisions"}],"predecessor-version":[{"id":1642,"href":"https:\/\/valdauto.lt\/index.php?rest_route=\/wp\/v2\/product\/1640\/revisions\/1642"}],"wp:featuredmedia":[{"embeddable":true,"href":"https:\/\/valdauto.lt\/index.php?rest_route=\/wp\/v2\/media\/1641"}],"wp:attachment":[{"href":"https:\/\/valdauto.lt\/index.php?rest_route=%2Fwp%2Fv2%2Fmedia&parent=1640"}],"wp:term":[{"taxonomy":"product_brand","embeddable":true,"href":"https:\/\/valdauto.lt\/index.php?rest_route=%2Fwp%2Fv2%2Fproduct_brand&post=1640"},{"taxonomy":"product_cat","embeddable":true,"href":"https:\/\/valdauto.lt\/index.php?rest_route=%2Fwp%2Fv2%2Fproduct_cat&post=1640"},{"taxonomy":"product_tag","embeddable":true,"href":"https:\/\/valdauto.lt\/index.php?rest_route=%2Fwp%2Fv2%2Fproduct_tag&post=1640"}],"curies":[{"name":"wp","href":"https:\/\/api.w.org\/{rel}","templated":true}]}}