{"id":1634,"date":"2021-12-22T22:45:11","date_gmt":"2021-12-22T20:45:11","guid":{"rendered":"https:\/\/valdauto.lt\/?post_type=product&#038;p=1634"},"modified":"2021-12-22T22:45:11","modified_gmt":"2021-12-22T20:45:11","slug":"a2056908104-mercedes-benz-w205-bagazines-apdailos-detale","status":"publish","type":"product","link":"https:\/\/valdauto.lt\/?product=a2056908104-mercedes-benz-w205-bagazines-apdailos-detale","title":{"rendered":"A2056908104 Mercedes-Benz  W205  baga\u017ein\u0117s apdailos detal\u0117"},"content":{"rendered":"<p>A2056908104 Mercedes-Benz W205 baga\u017ein\u0117s apdailos detal\u0117<\/p>\n","protected":false},"excerpt":{"rendered":"<p>W205 sedan<\/p>\n","protected":false},"featured_media":1635,"template":"","meta":{"om_disable_all_campaigns":false,"_monsterinsights_skip_tracking":false,"_monsterinsights_sitenote_active":false,"_monsterinsights_sitenote_note":"","_monsterinsights_sitenote_category":0,"_uf_show_specific_survey":0,"_uf_disable_surveys":false,"slim_seo":{"title":"A2056908104 Mercedes-Benz W205 baga\u017ein\u0117s apdailos detal\u0117","description":"A2056908104 Mercedes-Benz W205 baga\u017ein\u0117s apdailos detal\u0117"}},"product_brand":[],"product_cat":[31],"product_tag":[332],"class_list":{"0":"post-1634","1":"product","2":"type-product","3":"status-publish","4":"has-post-thumbnail","6":"product_cat-mercedes-benz-salono-komforto-aksesuarai","7":"product_tag-a2056908104","9":"first","10":"instock","11":"taxable","12":"shipping-taxable","13":"purchasable","14":"product-type-simple","15":"berocket_lgv_grid","16":"berocket_lgv_list_grid"},"_links":{"self":[{"href":"https:\/\/valdauto.lt\/index.php?rest_route=\/wp\/v2\/product\/1634","targetHints":{"allow":["GET"]}}],"collection":[{"href":"https:\/\/valdauto.lt\/index.php?rest_route=\/wp\/v2\/product"}],"about":[{"href":"https:\/\/valdauto.lt\/index.php?rest_route=\/wp\/v2\/types\/product"}],"version-history":[{"count":1,"href":"https:\/\/valdauto.lt\/index.php?rest_route=\/wp\/v2\/product\/1634\/revisions"}],"predecessor-version":[{"id":1636,"href":"https:\/\/valdauto.lt\/index.php?rest_route=\/wp\/v2\/product\/1634\/revisions\/1636"}],"wp:featuredmedia":[{"embeddable":true,"href":"https:\/\/valdauto.lt\/index.php?rest_route=\/wp\/v2\/media\/1635"}],"wp:attachment":[{"href":"https:\/\/valdauto.lt\/index.php?rest_route=%2Fwp%2Fv2%2Fmedia&parent=1634"}],"wp:term":[{"taxonomy":"product_brand","embeddable":true,"href":"https:\/\/valdauto.lt\/index.php?rest_route=%2Fwp%2Fv2%2Fproduct_brand&post=1634"},{"taxonomy":"product_cat","embeddable":true,"href":"https:\/\/valdauto.lt\/index.php?rest_route=%2Fwp%2Fv2%2Fproduct_cat&post=1634"},{"taxonomy":"product_tag","embeddable":true,"href":"https:\/\/valdauto.lt\/index.php?rest_route=%2Fwp%2Fv2%2Fproduct_tag&post=1634"}],"curies":[{"name":"wp","href":"https:\/\/api.w.org\/{rel}","templated":true}]}}