{"id":1625,"date":"2021-12-22T21:11:09","date_gmt":"2021-12-22T19:11:09","guid":{"rendered":"https:\/\/valdauto.lt\/?post_type=product&#038;p=1625"},"modified":"2021-12-22T21:11:09","modified_gmt":"2021-12-22T19:11:09","slug":"a2055013991-mercedes-benz-c-w205-variklio-ausinimo-zarna","status":"publish","type":"product","link":"https:\/\/valdauto.lt\/?product=a2055013991-mercedes-benz-c-w205-variklio-ausinimo-zarna","title":{"rendered":"A2055013991 Mercedes-Benz C W205 Variklio au\u0161inimo \u017earna"},"content":{"rendered":"<p>A2055013991 Mercedes-Benz C W205 Variklio au\u0161inimo \u017earna<\/p>\n","protected":false},"excerpt":{"rendered":"<p>W205 300 250<\/p>\n","protected":false},"featured_media":1626,"template":"","meta":{"om_disable_all_campaigns":false,"_monsterinsights_skip_tracking":false,"_monsterinsights_sitenote_active":false,"_monsterinsights_sitenote_note":"","_monsterinsights_sitenote_category":0,"_uf_show_specific_survey":0,"_uf_disable_surveys":false,"slim_seo":{"title":"A2055013991 Mercedes-Benz C W205 Variklio au\u0161inimo \u017earna","description":"A2055013991 Mercedes-Benz C W205 Variklio au\u0161inimo \u017earna"}},"product_brand":[],"product_cat":[33],"product_tag":[329],"class_list":{"0":"post-1625","1":"product","2":"type-product","3":"status-publish","4":"has-post-thumbnail","6":"product_cat-mercedes-benz-variklio-dalys","7":"product_tag-a2055013991","9":"first","10":"instock","11":"taxable","12":"shipping-taxable","13":"purchasable","14":"product-type-simple","15":"berocket_lgv_grid","16":"berocket_lgv_list_grid"},"_links":{"self":[{"href":"https:\/\/valdauto.lt\/index.php?rest_route=\/wp\/v2\/product\/1625","targetHints":{"allow":["GET"]}}],"collection":[{"href":"https:\/\/valdauto.lt\/index.php?rest_route=\/wp\/v2\/product"}],"about":[{"href":"https:\/\/valdauto.lt\/index.php?rest_route=\/wp\/v2\/types\/product"}],"version-history":[{"count":1,"href":"https:\/\/valdauto.lt\/index.php?rest_route=\/wp\/v2\/product\/1625\/revisions"}],"predecessor-version":[{"id":1627,"href":"https:\/\/valdauto.lt\/index.php?rest_route=\/wp\/v2\/product\/1625\/revisions\/1627"}],"wp:featuredmedia":[{"embeddable":true,"href":"https:\/\/valdauto.lt\/index.php?rest_route=\/wp\/v2\/media\/1626"}],"wp:attachment":[{"href":"https:\/\/valdauto.lt\/index.php?rest_route=%2Fwp%2Fv2%2Fmedia&parent=1625"}],"wp:term":[{"taxonomy":"product_brand","embeddable":true,"href":"https:\/\/valdauto.lt\/index.php?rest_route=%2Fwp%2Fv2%2Fproduct_brand&post=1625"},{"taxonomy":"product_cat","embeddable":true,"href":"https:\/\/valdauto.lt\/index.php?rest_route=%2Fwp%2Fv2%2Fproduct_cat&post=1625"},{"taxonomy":"product_tag","embeddable":true,"href":"https:\/\/valdauto.lt\/index.php?rest_route=%2Fwp%2Fv2%2Fproduct_tag&post=1625"}],"curies":[{"name":"wp","href":"https:\/\/api.w.org\/{rel}","templated":true}]}}