{"id":1622,"date":"2021-12-22T21:08:30","date_gmt":"2021-12-22T19:08:30","guid":{"rendered":"https:\/\/valdauto.lt\/?post_type=product&#038;p=1622"},"modified":"2021-12-22T21:08:31","modified_gmt":"2021-12-22T19:08:31","slug":"a2055016384-mercedes-benz-c-w205-variklio-ausinimo-zarna","status":"publish","type":"product","link":"https:\/\/valdauto.lt\/?product=a2055016384-mercedes-benz-c-w205-variklio-ausinimo-zarna","title":{"rendered":"A2055016384 Mercedes-Benz C W205 Variklio au\u0161inimo \u017earna"},"content":{"rendered":"<p>A2055016384 Mercedes-Benz C W205 Variklio au\u0161inimo \u017earna<\/p>\n","protected":false},"excerpt":{"rendered":"<p>W205 kebulas<\/p>\n","protected":false},"featured_media":1623,"template":"","meta":{"om_disable_all_campaigns":false,"_monsterinsights_skip_tracking":false,"_monsterinsights_sitenote_active":false,"_monsterinsights_sitenote_note":"","_monsterinsights_sitenote_category":0,"_uf_show_specific_survey":0,"_uf_disable_surveys":false,"slim_seo":{"title":"A2055016384 Mercedes-Benz C W205 Variklio au\u0161inimo \u017earna","description":"A2055016384 Mercedes-Benz C W205 Variklio au\u0161inimo \u017earna"}},"product_brand":[],"product_cat":[33],"product_tag":[328],"class_list":{"0":"post-1622","1":"product","2":"type-product","3":"status-publish","4":"has-post-thumbnail","6":"product_cat-mercedes-benz-variklio-dalys","7":"product_tag-a2055016384","9":"first","10":"instock","11":"taxable","12":"shipping-taxable","13":"purchasable","14":"product-type-simple","15":"berocket_lgv_grid","16":"berocket_lgv_list_grid"},"_links":{"self":[{"href":"https:\/\/valdauto.lt\/index.php?rest_route=\/wp\/v2\/product\/1622","targetHints":{"allow":["GET"]}}],"collection":[{"href":"https:\/\/valdauto.lt\/index.php?rest_route=\/wp\/v2\/product"}],"about":[{"href":"https:\/\/valdauto.lt\/index.php?rest_route=\/wp\/v2\/types\/product"}],"version-history":[{"count":1,"href":"https:\/\/valdauto.lt\/index.php?rest_route=\/wp\/v2\/product\/1622\/revisions"}],"predecessor-version":[{"id":1624,"href":"https:\/\/valdauto.lt\/index.php?rest_route=\/wp\/v2\/product\/1622\/revisions\/1624"}],"wp:featuredmedia":[{"embeddable":true,"href":"https:\/\/valdauto.lt\/index.php?rest_route=\/wp\/v2\/media\/1623"}],"wp:attachment":[{"href":"https:\/\/valdauto.lt\/index.php?rest_route=%2Fwp%2Fv2%2Fmedia&parent=1622"}],"wp:term":[{"taxonomy":"product_brand","embeddable":true,"href":"https:\/\/valdauto.lt\/index.php?rest_route=%2Fwp%2Fv2%2Fproduct_brand&post=1622"},{"taxonomy":"product_cat","embeddable":true,"href":"https:\/\/valdauto.lt\/index.php?rest_route=%2Fwp%2Fv2%2Fproduct_cat&post=1622"},{"taxonomy":"product_tag","embeddable":true,"href":"https:\/\/valdauto.lt\/index.php?rest_route=%2Fwp%2Fv2%2Fproduct_tag&post=1622"}],"curies":[{"name":"wp","href":"https:\/\/api.w.org\/{rel}","templated":true}]}}