{"id":1619,"date":"2021-12-22T20:59:59","date_gmt":"2021-12-22T18:59:59","guid":{"rendered":"https:\/\/valdauto.lt\/?post_type=product&#038;p=1619"},"modified":"2021-12-22T20:59:59","modified_gmt":"2021-12-22T18:59:59","slug":"a2537256800-mercedes-benz-glc-desines-priekiniu-duru-stiklas","status":"publish","type":"product","link":"https:\/\/valdauto.lt\/?product=a2537256800-mercedes-benz-glc-desines-priekiniu-duru-stiklas","title":{"rendered":"A2537256800 Mercedes-Benz GLC de\u0161in\u0117s priekini\u0173 dur\u0173 stiklas"},"content":{"rendered":"<p>A2537256800 Mercedes-Benz GLC de\u0161in\u0117s priekini\u0173 dur\u0173 stiklas<\/p>\n","protected":false},"excerpt":{"rendered":"<p>X253 SUV<\/p>\n","protected":false},"featured_media":1620,"template":"","meta":{"om_disable_all_campaigns":false,"_monsterinsights_skip_tracking":false,"_monsterinsights_sitenote_active":false,"_monsterinsights_sitenote_note":"","_monsterinsights_sitenote_category":0,"_uf_show_specific_survey":0,"_uf_disable_surveys":false,"slim_seo":{"title":"A2537256800 Mercedes-Benz GLC de\u0161in\u0117s priekini\u0173 dur\u0173 stiklas","description":"A2537256800 Mercedes-Benz GLC de\u0161in\u0117s priekini\u0173 dur\u0173 stiklas"}},"product_brand":[],"product_cat":[20],"product_tag":[327],"class_list":{"0":"post-1619","1":"product","2":"type-product","3":"status-publish","4":"has-post-thumbnail","6":"product_cat-mercedes-benz-kebulo-dalys","7":"product_tag-a2537256800","9":"first","10":"instock","11":"taxable","12":"shipping-taxable","13":"purchasable","14":"product-type-simple","15":"berocket_lgv_grid","16":"berocket_lgv_list_grid"},"_links":{"self":[{"href":"https:\/\/valdauto.lt\/index.php?rest_route=\/wp\/v2\/product\/1619","targetHints":{"allow":["GET"]}}],"collection":[{"href":"https:\/\/valdauto.lt\/index.php?rest_route=\/wp\/v2\/product"}],"about":[{"href":"https:\/\/valdauto.lt\/index.php?rest_route=\/wp\/v2\/types\/product"}],"version-history":[{"count":1,"href":"https:\/\/valdauto.lt\/index.php?rest_route=\/wp\/v2\/product\/1619\/revisions"}],"predecessor-version":[{"id":1621,"href":"https:\/\/valdauto.lt\/index.php?rest_route=\/wp\/v2\/product\/1619\/revisions\/1621"}],"wp:featuredmedia":[{"embeddable":true,"href":"https:\/\/valdauto.lt\/index.php?rest_route=\/wp\/v2\/media\/1620"}],"wp:attachment":[{"href":"https:\/\/valdauto.lt\/index.php?rest_route=%2Fwp%2Fv2%2Fmedia&parent=1619"}],"wp:term":[{"taxonomy":"product_brand","embeddable":true,"href":"https:\/\/valdauto.lt\/index.php?rest_route=%2Fwp%2Fv2%2Fproduct_brand&post=1619"},{"taxonomy":"product_cat","embeddable":true,"href":"https:\/\/valdauto.lt\/index.php?rest_route=%2Fwp%2Fv2%2Fproduct_cat&post=1619"},{"taxonomy":"product_tag","embeddable":true,"href":"https:\/\/valdauto.lt\/index.php?rest_route=%2Fwp%2Fv2%2Fproduct_tag&post=1619"}],"curies":[{"name":"wp","href":"https:\/\/api.w.org\/{rel}","templated":true}]}}