{"id":1614,"date":"2021-12-22T20:26:19","date_gmt":"2021-12-22T18:26:19","guid":{"rendered":"https:\/\/valdauto.lt\/?post_type=product&#038;p=1614"},"modified":"2021-12-22T20:26:20","modified_gmt":"2021-12-22T18:26:20","slug":"a2059060401-galiniu-desiniu-duru-stiklo-pakelejo-varikliukas","status":"publish","type":"product","link":"https:\/\/valdauto.lt\/?product=a2059060401-galiniu-desiniu-duru-stiklo-pakelejo-varikliukas","title":{"rendered":"A2059060401 Galini\u0173 de\u0161ini\u0173 dur\u0173 stiklo pakel\u0117jo varikliukas"},"content":{"rendered":"<p>Tinka W205 bei GLC klasei<\/p>\n","protected":false},"excerpt":{"rendered":"<p>W205 X253<\/p>\n","protected":false},"featured_media":1612,"template":"","meta":{"om_disable_all_campaigns":false,"_monsterinsights_skip_tracking":false,"_monsterinsights_sitenote_active":false,"_monsterinsights_sitenote_note":"","_monsterinsights_sitenote_category":0,"_uf_show_specific_survey":0,"_uf_disable_surveys":false,"slim_seo":{"title":"A2059060401 Galini\u0173 de\u0161ini\u0173 dur\u0173 stiklo pakel\u0117jo varikliukas","description":"A2059060401 Galini\u0173 de\u0161ini\u0173 dur\u0173 stiklo pakel\u0117jo varikliukas"}},"product_brand":[],"product_cat":[20],"product_tag":[325],"class_list":{"0":"post-1614","1":"product","2":"type-product","3":"status-publish","4":"has-post-thumbnail","6":"product_cat-mercedes-benz-kebulo-dalys","7":"product_tag-a2059060401","9":"first","10":"instock","11":"taxable","12":"shipping-taxable","13":"purchasable","14":"product-type-simple","15":"berocket_lgv_grid","16":"berocket_lgv_list_grid"},"_links":{"self":[{"href":"https:\/\/valdauto.lt\/index.php?rest_route=\/wp\/v2\/product\/1614","targetHints":{"allow":["GET"]}}],"collection":[{"href":"https:\/\/valdauto.lt\/index.php?rest_route=\/wp\/v2\/product"}],"about":[{"href":"https:\/\/valdauto.lt\/index.php?rest_route=\/wp\/v2\/types\/product"}],"version-history":[{"count":1,"href":"https:\/\/valdauto.lt\/index.php?rest_route=\/wp\/v2\/product\/1614\/revisions"}],"predecessor-version":[{"id":1615,"href":"https:\/\/valdauto.lt\/index.php?rest_route=\/wp\/v2\/product\/1614\/revisions\/1615"}],"wp:featuredmedia":[{"embeddable":true,"href":"https:\/\/valdauto.lt\/index.php?rest_route=\/wp\/v2\/media\/1612"}],"wp:attachment":[{"href":"https:\/\/valdauto.lt\/index.php?rest_route=%2Fwp%2Fv2%2Fmedia&parent=1614"}],"wp:term":[{"taxonomy":"product_brand","embeddable":true,"href":"https:\/\/valdauto.lt\/index.php?rest_route=%2Fwp%2Fv2%2Fproduct_brand&post=1614"},{"taxonomy":"product_cat","embeddable":true,"href":"https:\/\/valdauto.lt\/index.php?rest_route=%2Fwp%2Fv2%2Fproduct_cat&post=1614"},{"taxonomy":"product_tag","embeddable":true,"href":"https:\/\/valdauto.lt\/index.php?rest_route=%2Fwp%2Fv2%2Fproduct_tag&post=1614"}],"curies":[{"name":"wp","href":"https:\/\/api.w.org\/{rel}","templated":true}]}}