{"id":1611,"date":"2021-12-22T20:23:59","date_gmt":"2021-12-22T18:23:59","guid":{"rendered":"https:\/\/valdauto.lt\/?post_type=product&#038;p=1611"},"modified":"2021-12-22T20:24:00","modified_gmt":"2021-12-22T18:24:00","slug":"a2059060113-mercedes-benz-priekinis-varikliukas-langu-pakelejo","status":"publish","type":"product","link":"https:\/\/valdauto.lt\/?product=a2059060113-mercedes-benz-priekinis-varikliukas-langu-pakelejo","title":{"rendered":"A2059060113 Mercedes-Benz  Priekinis varikliukas lang\u0173 pak\u0117l\u0117jo"},"content":{"rendered":"<p>A2059060113 Mercedes-Benz Priekinis varikliukas lang\u0173 pak\u0117l\u0117jo<\/p>\n","protected":false},"excerpt":{"rendered":"<p>Tinka W205 bei X253 klas\u0117s automobiliams<\/p>\n","protected":false},"featured_media":1612,"template":"","meta":{"om_disable_all_campaigns":false,"_monsterinsights_skip_tracking":false,"_monsterinsights_sitenote_active":false,"_monsterinsights_sitenote_note":"","_monsterinsights_sitenote_category":0,"_uf_show_specific_survey":0,"_uf_disable_surveys":false,"slim_seo":{"title":"A2059060113 Mercedes-Benz Priekinis varikliukas","description":"A2059060113 Mercedes-Benz Priekinis varikliukas lang\u0173 pak\u0117l\u0117jo"}},"product_brand":[],"product_cat":[20],"product_tag":[324],"class_list":{"0":"post-1611","1":"product","2":"type-product","3":"status-publish","4":"has-post-thumbnail","6":"product_cat-mercedes-benz-kebulo-dalys","7":"product_tag-a2059060113","9":"first","10":"instock","11":"taxable","12":"shipping-taxable","13":"purchasable","14":"product-type-simple","15":"berocket_lgv_grid","16":"berocket_lgv_list_grid"},"_links":{"self":[{"href":"https:\/\/valdauto.lt\/index.php?rest_route=\/wp\/v2\/product\/1611","targetHints":{"allow":["GET"]}}],"collection":[{"href":"https:\/\/valdauto.lt\/index.php?rest_route=\/wp\/v2\/product"}],"about":[{"href":"https:\/\/valdauto.lt\/index.php?rest_route=\/wp\/v2\/types\/product"}],"version-history":[{"count":1,"href":"https:\/\/valdauto.lt\/index.php?rest_route=\/wp\/v2\/product\/1611\/revisions"}],"predecessor-version":[{"id":1613,"href":"https:\/\/valdauto.lt\/index.php?rest_route=\/wp\/v2\/product\/1611\/revisions\/1613"}],"wp:featuredmedia":[{"embeddable":true,"href":"https:\/\/valdauto.lt\/index.php?rest_route=\/wp\/v2\/media\/1612"}],"wp:attachment":[{"href":"https:\/\/valdauto.lt\/index.php?rest_route=%2Fwp%2Fv2%2Fmedia&parent=1611"}],"wp:term":[{"taxonomy":"product_brand","embeddable":true,"href":"https:\/\/valdauto.lt\/index.php?rest_route=%2Fwp%2Fv2%2Fproduct_brand&post=1611"},{"taxonomy":"product_cat","embeddable":true,"href":"https:\/\/valdauto.lt\/index.php?rest_route=%2Fwp%2Fv2%2Fproduct_cat&post=1611"},{"taxonomy":"product_tag","embeddable":true,"href":"https:\/\/valdauto.lt\/index.php?rest_route=%2Fwp%2Fv2%2Fproduct_tag&post=1611"}],"curies":[{"name":"wp","href":"https:\/\/api.w.org\/{rel}","templated":true}]}}