{"id":1608,"date":"2021-12-22T20:11:09","date_gmt":"2021-12-22T18:11:09","guid":{"rendered":"https:\/\/valdauto.lt\/?post_type=product&#038;p=1608"},"modified":"2021-12-22T20:12:23","modified_gmt":"2021-12-22T18:12:23","slug":"a2537300400-glc-desines-puses-galiniu-duru-stiklas","status":"publish","type":"product","link":"https:\/\/valdauto.lt\/?product=a2537300400-glc-desines-puses-galiniu-duru-stiklas","title":{"rendered":"A2537300400 GLC de\u0161in\u0117s pus\u0117s galini\u0173 dur\u0173 stiklas"},"content":{"rendered":"<p>A2537300400 GLC de\u0161in\u0117s pus\u0117s galini\u0173 dur\u0173 stiklas juodas<\/p>\n","protected":false},"excerpt":{"rendered":"<p>GLC SUV<\/p>\n","protected":false},"featured_media":1609,"template":"","meta":{"om_disable_all_campaigns":false,"_monsterinsights_skip_tracking":false,"_monsterinsights_sitenote_active":false,"_monsterinsights_sitenote_note":"","_monsterinsights_sitenote_category":0,"_uf_show_specific_survey":0,"_uf_disable_surveys":false,"slim_seo":{"title":"A2537300400 GLC de\u0161in\u0117s pus\u0117s galini\u0173 dur\u0173 stiklas","description":"A2537300400 GLC de\u0161in\u0117s pus\u0117s galini\u0173 dur\u0173 stiklas juodas"}},"product_brand":[],"product_cat":[20],"product_tag":[322,298,297,323],"class_list":{"0":"post-1608","1":"product","2":"type-product","3":"status-publish","4":"has-post-thumbnail","6":"product_cat-mercedes-benz-kebulo-dalys","7":"product_tag-a2537300400","8":"product_tag-glc-dalys","9":"product_tag-x253-dalys","10":"product_tag-x253-parts","12":"first","13":"instock","14":"taxable","15":"shipping-taxable","16":"purchasable","17":"product-type-simple","18":"berocket_lgv_grid","19":"berocket_lgv_list_grid"},"_links":{"self":[{"href":"https:\/\/valdauto.lt\/index.php?rest_route=\/wp\/v2\/product\/1608","targetHints":{"allow":["GET"]}}],"collection":[{"href":"https:\/\/valdauto.lt\/index.php?rest_route=\/wp\/v2\/product"}],"about":[{"href":"https:\/\/valdauto.lt\/index.php?rest_route=\/wp\/v2\/types\/product"}],"version-history":[{"count":1,"href":"https:\/\/valdauto.lt\/index.php?rest_route=\/wp\/v2\/product\/1608\/revisions"}],"predecessor-version":[{"id":1610,"href":"https:\/\/valdauto.lt\/index.php?rest_route=\/wp\/v2\/product\/1608\/revisions\/1610"}],"wp:featuredmedia":[{"embeddable":true,"href":"https:\/\/valdauto.lt\/index.php?rest_route=\/wp\/v2\/media\/1609"}],"wp:attachment":[{"href":"https:\/\/valdauto.lt\/index.php?rest_route=%2Fwp%2Fv2%2Fmedia&parent=1608"}],"wp:term":[{"taxonomy":"product_brand","embeddable":true,"href":"https:\/\/valdauto.lt\/index.php?rest_route=%2Fwp%2Fv2%2Fproduct_brand&post=1608"},{"taxonomy":"product_cat","embeddable":true,"href":"https:\/\/valdauto.lt\/index.php?rest_route=%2Fwp%2Fv2%2Fproduct_cat&post=1608"},{"taxonomy":"product_tag","embeddable":true,"href":"https:\/\/valdauto.lt\/index.php?rest_route=%2Fwp%2Fv2%2Fproduct_tag&post=1608"}],"curies":[{"name":"wp","href":"https:\/\/api.w.org\/{rel}","templated":true}]}}