{"id":1605,"date":"2021-12-22T19:55:12","date_gmt":"2021-12-22T17:55:12","guid":{"rendered":"https:\/\/valdauto.lt\/?post_type=product&#038;p=1605"},"modified":"2021-12-22T19:55:12","modified_gmt":"2021-12-22T17:55:12","slug":"a2057501475-w205-cabrio-stogo-galinis-dangtis","status":"publish","type":"product","link":"https:\/\/valdauto.lt\/?product=a2057501475-w205-cabrio-stogo-galinis-dangtis","title":{"rendered":"A2057501475 W205 cabrio stogo galinis dangtis"},"content":{"rendered":"<p>A2057501475 W205 cabrio stogo galinis dangtis skirtas u\u017edaryti sudedam\u0105j\u012f stog\u0105<\/p>\n","protected":false},"excerpt":{"rendered":"<p>Tinka W205 klas\u0117s cabrioletams<\/p>\n","protected":false},"featured_media":1606,"template":"","meta":{"om_disable_all_campaigns":false,"_monsterinsights_skip_tracking":false,"_monsterinsights_sitenote_active":false,"_monsterinsights_sitenote_note":"","_monsterinsights_sitenote_category":0,"_uf_show_specific_survey":0,"_uf_disable_surveys":false,"slim_seo":{"title":"A2057501475 W205 cabrio stogo galinis dangtis","description":"A2057501475 W205 cabrio stogo galinis dangtis skirtas u\u017edaryti sudedam\u0105j\u012f stog\u0105"}},"product_brand":[],"product_cat":[20],"product_tag":[321,312],"class_list":{"0":"post-1605","1":"product","2":"type-product","3":"status-publish","4":"has-post-thumbnail","6":"product_cat-mercedes-benz-kebulo-dalys","7":"product_tag-a2057501475","8":"product_tag-w205-cabrio-dalys","10":"first","11":"instock","12":"taxable","13":"shipping-taxable","14":"purchasable","15":"product-type-simple","16":"berocket_lgv_grid","17":"berocket_lgv_list_grid"},"_links":{"self":[{"href":"https:\/\/valdauto.lt\/index.php?rest_route=\/wp\/v2\/product\/1605","targetHints":{"allow":["GET"]}}],"collection":[{"href":"https:\/\/valdauto.lt\/index.php?rest_route=\/wp\/v2\/product"}],"about":[{"href":"https:\/\/valdauto.lt\/index.php?rest_route=\/wp\/v2\/types\/product"}],"version-history":[{"count":1,"href":"https:\/\/valdauto.lt\/index.php?rest_route=\/wp\/v2\/product\/1605\/revisions"}],"predecessor-version":[{"id":1607,"href":"https:\/\/valdauto.lt\/index.php?rest_route=\/wp\/v2\/product\/1605\/revisions\/1607"}],"wp:featuredmedia":[{"embeddable":true,"href":"https:\/\/valdauto.lt\/index.php?rest_route=\/wp\/v2\/media\/1606"}],"wp:attachment":[{"href":"https:\/\/valdauto.lt\/index.php?rest_route=%2Fwp%2Fv2%2Fmedia&parent=1605"}],"wp:term":[{"taxonomy":"product_brand","embeddable":true,"href":"https:\/\/valdauto.lt\/index.php?rest_route=%2Fwp%2Fv2%2Fproduct_brand&post=1605"},{"taxonomy":"product_cat","embeddable":true,"href":"https:\/\/valdauto.lt\/index.php?rest_route=%2Fwp%2Fv2%2Fproduct_cat&post=1605"},{"taxonomy":"product_tag","embeddable":true,"href":"https:\/\/valdauto.lt\/index.php?rest_route=%2Fwp%2Fv2%2Fproduct_tag&post=1605"}],"curies":[{"name":"wp","href":"https:\/\/api.w.org\/{rel}","templated":true}]}}