{"id":1596,"date":"2021-12-22T19:03:40","date_gmt":"2021-12-22T17:03:40","guid":{"rendered":"https:\/\/valdauto.lt\/?post_type=product&#038;p=1596"},"modified":"2021-12-22T19:03:40","modified_gmt":"2021-12-22T17:03:40","slug":"a2056905802-mercedes-benz-priekinio-stiklo-virsutine-apdaila","status":"publish","type":"product","link":"https:\/\/valdauto.lt\/?product=a2056905802-mercedes-benz-priekinio-stiklo-virsutine-apdaila","title":{"rendered":"A2056905802 mercedes benz priekinio stiklo vir\u0161utin\u0117 apdaila"},"content":{"rendered":"<p>C klas\u0117s cabrio vir\u0161utin\u0117 apdaila<\/p>\n","protected":false},"excerpt":{"rendered":"<p>W205 k\u0117bulas<\/p>\n","protected":false},"featured_media":1597,"template":"","meta":{"om_disable_all_campaigns":false,"_monsterinsights_skip_tracking":false,"_monsterinsights_sitenote_active":false,"_monsterinsights_sitenote_note":"","_monsterinsights_sitenote_category":0,"_uf_show_specific_survey":0,"_uf_disable_surveys":false,"slim_seo":{"title":"A2056905802 mercedes benz priekinio stiklo vir\u0161utin\u0117 apdaila","description":"A2056905802 mercedes benz priekinio stiklo vir\u0161utin\u0117 apdaila"}},"product_brand":[],"product_cat":[20],"product_tag":[311,312],"class_list":{"0":"post-1596","1":"product","2":"type-product","3":"status-publish","4":"has-post-thumbnail","6":"product_cat-mercedes-benz-kebulo-dalys","7":"product_tag-a2056905802","8":"product_tag-w205-cabrio-dalys","10":"first","11":"instock","12":"taxable","13":"shipping-taxable","14":"purchasable","15":"product-type-simple","16":"berocket_lgv_grid","17":"berocket_lgv_list_grid"},"_links":{"self":[{"href":"https:\/\/valdauto.lt\/index.php?rest_route=\/wp\/v2\/product\/1596","targetHints":{"allow":["GET"]}}],"collection":[{"href":"https:\/\/valdauto.lt\/index.php?rest_route=\/wp\/v2\/product"}],"about":[{"href":"https:\/\/valdauto.lt\/index.php?rest_route=\/wp\/v2\/types\/product"}],"version-history":[{"count":1,"href":"https:\/\/valdauto.lt\/index.php?rest_route=\/wp\/v2\/product\/1596\/revisions"}],"predecessor-version":[{"id":1598,"href":"https:\/\/valdauto.lt\/index.php?rest_route=\/wp\/v2\/product\/1596\/revisions\/1598"}],"wp:featuredmedia":[{"embeddable":true,"href":"https:\/\/valdauto.lt\/index.php?rest_route=\/wp\/v2\/media\/1597"}],"wp:attachment":[{"href":"https:\/\/valdauto.lt\/index.php?rest_route=%2Fwp%2Fv2%2Fmedia&parent=1596"}],"wp:term":[{"taxonomy":"product_brand","embeddable":true,"href":"https:\/\/valdauto.lt\/index.php?rest_route=%2Fwp%2Fv2%2Fproduct_brand&post=1596"},{"taxonomy":"product_cat","embeddable":true,"href":"https:\/\/valdauto.lt\/index.php?rest_route=%2Fwp%2Fv2%2Fproduct_cat&post=1596"},{"taxonomy":"product_tag","embeddable":true,"href":"https:\/\/valdauto.lt\/index.php?rest_route=%2Fwp%2Fv2%2Fproduct_tag&post=1596"}],"curies":[{"name":"wp","href":"https:\/\/api.w.org\/{rel}","templated":true}]}}