{"id":1591,"date":"2021-12-22T18:40:51","date_gmt":"2021-12-22T16:40:51","guid":{"rendered":"https:\/\/valdauto.lt\/?post_type=product&#038;p=1591"},"modified":"2021-12-22T18:40:52","modified_gmt":"2021-12-22T16:40:52","slug":"a0995042318-radiatoriaus-remas","status":"publish","type":"product","link":"https:\/\/valdauto.lt\/?product=a0995042318-radiatoriaus-remas","title":{"rendered":"A0995042318 radiatoriaus r\u0117mas"},"content":{"rendered":"<p>A0995042318 variklio au\u0161inimo radiatoriaus r\u0117mas<\/p>\n","protected":false},"excerpt":{"rendered":"<p>W205 k\u0117bulo<\/p>\n","protected":false},"featured_media":1592,"template":"","meta":{"om_disable_all_campaigns":false,"_monsterinsights_skip_tracking":false,"_monsterinsights_sitenote_active":false,"_monsterinsights_sitenote_note":"","_monsterinsights_sitenote_category":0,"_uf_show_specific_survey":0,"_uf_disable_surveys":false,"slim_seo":{"title":"A0995042318 radiatoriaus r\u0117mas","description":"A0995042318 variklio au\u0161inimo radiatoriaus r\u0117mas W205"}},"product_brand":[],"product_cat":[33],"product_tag":[307,309,308],"class_list":{"0":"post-1591","1":"product","2":"type-product","3":"status-publish","4":"has-post-thumbnail","6":"product_cat-mercedes-benz-variklio-dalys","7":"product_tag-a0995042318","8":"product_tag-mercedes-dalys","9":"product_tag-mercedes-w205-dalys","11":"first","12":"instock","13":"taxable","14":"shipping-taxable","15":"purchasable","16":"product-type-simple","17":"berocket_lgv_grid","18":"berocket_lgv_list_grid"},"_links":{"self":[{"href":"https:\/\/valdauto.lt\/index.php?rest_route=\/wp\/v2\/product\/1591","targetHints":{"allow":["GET"]}}],"collection":[{"href":"https:\/\/valdauto.lt\/index.php?rest_route=\/wp\/v2\/product"}],"about":[{"href":"https:\/\/valdauto.lt\/index.php?rest_route=\/wp\/v2\/types\/product"}],"version-history":[{"count":1,"href":"https:\/\/valdauto.lt\/index.php?rest_route=\/wp\/v2\/product\/1591\/revisions"}],"predecessor-version":[{"id":1593,"href":"https:\/\/valdauto.lt\/index.php?rest_route=\/wp\/v2\/product\/1591\/revisions\/1593"}],"wp:featuredmedia":[{"embeddable":true,"href":"https:\/\/valdauto.lt\/index.php?rest_route=\/wp\/v2\/media\/1592"}],"wp:attachment":[{"href":"https:\/\/valdauto.lt\/index.php?rest_route=%2Fwp%2Fv2%2Fmedia&parent=1591"}],"wp:term":[{"taxonomy":"product_brand","embeddable":true,"href":"https:\/\/valdauto.lt\/index.php?rest_route=%2Fwp%2Fv2%2Fproduct_brand&post=1591"},{"taxonomy":"product_cat","embeddable":true,"href":"https:\/\/valdauto.lt\/index.php?rest_route=%2Fwp%2Fv2%2Fproduct_cat&post=1591"},{"taxonomy":"product_tag","embeddable":true,"href":"https:\/\/valdauto.lt\/index.php?rest_route=%2Fwp%2Fv2%2Fproduct_tag&post=1591"}],"curies":[{"name":"wp","href":"https:\/\/api.w.org\/{rel}","templated":true}]}}