{"id":1578,"date":"2021-12-22T18:07:21","date_gmt":"2021-12-22T16:07:21","guid":{"rendered":"https:\/\/valdauto.lt\/?post_type=product&#038;p=1578"},"modified":"2021-12-22T18:07:21","modified_gmt":"2021-12-22T16:07:21","slug":"a2058308802-mercedes-benz-oro-filtro-dezes-dangtelis","status":"publish","type":"product","link":"https:\/\/valdauto.lt\/?product=a2058308802-mercedes-benz-oro-filtro-dezes-dangtelis","title":{"rendered":"A2058308802 Mercedes-Benz  Oro filtro d\u0117\u017e\u0117s dangtelis"},"content":{"rendered":"<p>A2058308802 Mercedes-Benz Oro filtro d\u0117\u017e\u0117s dangtelis su filtru<\/p>\n","protected":false},"excerpt":{"rendered":"<p>Tinka W205 bei X253 kebului .<\/p>\n","protected":false},"featured_media":1579,"template":"","meta":{"om_disable_all_campaigns":false,"_monsterinsights_skip_tracking":false,"_monsterinsights_sitenote_active":false,"_monsterinsights_sitenote_note":"","_monsterinsights_sitenote_category":0,"_uf_show_specific_survey":0,"_uf_disable_surveys":false,"slim_seo":{"title":"A2058308802 Mercedes-Benz Oro filtro d\u0117\u017e\u0117s dangtelis","description":"A2058308802 Mercedes-Benz Oro filtro d\u0117\u017e\u0117s dangtelis su filtru"}},"product_brand":[],"product_cat":[20],"product_tag":[299,298,295,296,297],"class_list":{"0":"post-1578","1":"product","2":"type-product","3":"status-publish","4":"has-post-thumbnail","6":"product_cat-mercedes-benz-kebulo-dalys","7":"product_tag-a2058308802","8":"product_tag-glc-dalys","9":"product_tag-mercedes-benz-dalis","10":"product_tag-w205-dalys","11":"product_tag-x253-dalys","13":"first","14":"instock","15":"taxable","16":"shipping-taxable","17":"purchasable","18":"product-type-simple","19":"berocket_lgv_grid","20":"berocket_lgv_list_grid"},"_links":{"self":[{"href":"https:\/\/valdauto.lt\/index.php?rest_route=\/wp\/v2\/product\/1578","targetHints":{"allow":["GET"]}}],"collection":[{"href":"https:\/\/valdauto.lt\/index.php?rest_route=\/wp\/v2\/product"}],"about":[{"href":"https:\/\/valdauto.lt\/index.php?rest_route=\/wp\/v2\/types\/product"}],"version-history":[{"count":1,"href":"https:\/\/valdauto.lt\/index.php?rest_route=\/wp\/v2\/product\/1578\/revisions"}],"predecessor-version":[{"id":1580,"href":"https:\/\/valdauto.lt\/index.php?rest_route=\/wp\/v2\/product\/1578\/revisions\/1580"}],"wp:featuredmedia":[{"embeddable":true,"href":"https:\/\/valdauto.lt\/index.php?rest_route=\/wp\/v2\/media\/1579"}],"wp:attachment":[{"href":"https:\/\/valdauto.lt\/index.php?rest_route=%2Fwp%2Fv2%2Fmedia&parent=1578"}],"wp:term":[{"taxonomy":"product_brand","embeddable":true,"href":"https:\/\/valdauto.lt\/index.php?rest_route=%2Fwp%2Fv2%2Fproduct_brand&post=1578"},{"taxonomy":"product_cat","embeddable":true,"href":"https:\/\/valdauto.lt\/index.php?rest_route=%2Fwp%2Fv2%2Fproduct_cat&post=1578"},{"taxonomy":"product_tag","embeddable":true,"href":"https:\/\/valdauto.lt\/index.php?rest_route=%2Fwp%2Fv2%2Fproduct_tag&post=1578"}],"curies":[{"name":"wp","href":"https:\/\/api.w.org\/{rel}","templated":true}]}}