{"id":1573,"date":"2021-12-22T18:00:27","date_gmt":"2021-12-22T16:00:27","guid":{"rendered":"https:\/\/valdauto.lt\/?post_type=product&#038;p=1573"},"modified":"2021-12-22T18:08:34","modified_gmt":"2021-12-22T16:08:34","slug":"a2059007433-prietaisu-skydelis-usa","status":"publish","type":"product","link":"https:\/\/valdauto.lt\/?product=a2059007433-prietaisu-skydelis-usa","title":{"rendered":"A2059007433 Prietais\u0173 skydelis ( USA )"},"content":{"rendered":"<p>GLC X253 C W205 kals\u0117s USA prietais\u0173 skydelis.<\/p>\n","protected":false},"excerpt":{"rendered":"<p>Tinka W205 bei X253 USA versijos automobiliams .<\/p>\n","protected":false},"featured_media":1574,"template":"","meta":{"om_disable_all_campaigns":false,"_monsterinsights_skip_tracking":false,"_monsterinsights_sitenote_active":false,"_monsterinsights_sitenote_note":"","_monsterinsights_sitenote_category":0,"_uf_show_specific_survey":0,"_uf_disable_surveys":false,"slim_seo":{"title":"A2059007433 Prietais\u0173 skydelis ( USA )","description":"A2059007433 GLC X253 C W205 kals\u0117s USA prietais\u0173 skydelis \u00a0"}},"product_brand":[],"product_cat":[22],"product_tag":[294,300,301,296,302,297],"class_list":{"0":"post-1573","1":"product","2":"type-product","3":"status-publish","4":"has-post-thumbnail","6":"product_cat-mercedes-benz-elektronika","7":"product_tag-a2059007433","8":"product_tag-mercedes-benz-dalys","9":"product_tag-w205-amerika","10":"product_tag-w205-dalys","11":"product_tag-x253-amerika","12":"product_tag-x253-dalys","14":"first","15":"instock","16":"taxable","17":"shipping-taxable","18":"purchasable","19":"product-type-simple","20":"berocket_lgv_grid","21":"berocket_lgv_list_grid"},"_links":{"self":[{"href":"https:\/\/valdauto.lt\/index.php?rest_route=\/wp\/v2\/product\/1573","targetHints":{"allow":["GET"]}}],"collection":[{"href":"https:\/\/valdauto.lt\/index.php?rest_route=\/wp\/v2\/product"}],"about":[{"href":"https:\/\/valdauto.lt\/index.php?rest_route=\/wp\/v2\/types\/product"}],"version-history":[{"count":2,"href":"https:\/\/valdauto.lt\/index.php?rest_route=\/wp\/v2\/product\/1573\/revisions"}],"predecessor-version":[{"id":1577,"href":"https:\/\/valdauto.lt\/index.php?rest_route=\/wp\/v2\/product\/1573\/revisions\/1577"}],"wp:featuredmedia":[{"embeddable":true,"href":"https:\/\/valdauto.lt\/index.php?rest_route=\/wp\/v2\/media\/1574"}],"wp:attachment":[{"href":"https:\/\/valdauto.lt\/index.php?rest_route=%2Fwp%2Fv2%2Fmedia&parent=1573"}],"wp:term":[{"taxonomy":"product_brand","embeddable":true,"href":"https:\/\/valdauto.lt\/index.php?rest_route=%2Fwp%2Fv2%2Fproduct_brand&post=1573"},{"taxonomy":"product_cat","embeddable":true,"href":"https:\/\/valdauto.lt\/index.php?rest_route=%2Fwp%2Fv2%2Fproduct_cat&post=1573"},{"taxonomy":"product_tag","embeddable":true,"href":"https:\/\/valdauto.lt\/index.php?rest_route=%2Fwp%2Fv2%2Fproduct_tag&post=1573"}],"curies":[{"name":"wp","href":"https:\/\/api.w.org\/{rel}","templated":true}]}}