{"id":1524,"date":"2021-10-24T17:10:02","date_gmt":"2021-10-24T15:10:02","guid":{"rendered":"https:\/\/valdauto.lt\/?post_type=product&#038;p=1524"},"modified":"2021-10-28T19:13:55","modified_gmt":"2021-10-28T17:13:55","slug":"w205-cabrio-galines-sedine","status":"publish","type":"product","link":"https:\/\/valdauto.lt\/?product=w205-cabrio-galines-sedine","title":{"rendered":"W205 cabrio galin\u0117s sedyn\u0117"},"content":{"rendered":"<p>W205 cabrio galin\u0117 sedyn\u0117 su raudona si\u016bl\u0119 ir alkantaros derini\u0173 .<\/p>\n","protected":false},"excerpt":{"rendered":"<p>Tinka cabrio \/ Coupe modeliams<\/p>\n","protected":false},"featured_media":1525,"template":"","meta":{"om_disable_all_campaigns":false,"_monsterinsights_skip_tracking":false,"_monsterinsights_sitenote_active":false,"_monsterinsights_sitenote_note":"","_monsterinsights_sitenote_category":0,"_uf_show_specific_survey":0,"_uf_disable_surveys":false,"slim_seo":{"title":"W205 cabrio galin\u0117s sedyn\u0117","description":"W205 cabrio galin\u0117 sedyn\u0117 su raudona si\u016bl\u0119 ir alkantaros derini\u0173 .\u00a0"}},"product_brand":[],"product_cat":[31],"product_tag":[],"class_list":{"0":"post-1524","1":"product","2":"type-product","3":"status-publish","4":"has-post-thumbnail","6":"product_cat-mercedes-benz-salono-komforto-aksesuarai","8":"first","9":"instock","10":"taxable","11":"shipping-taxable","12":"purchasable","13":"product-type-simple","14":"berocket_lgv_grid","15":"berocket_lgv_list_grid"},"_links":{"self":[{"href":"https:\/\/valdauto.lt\/index.php?rest_route=\/wp\/v2\/product\/1524","targetHints":{"allow":["GET"]}}],"collection":[{"href":"https:\/\/valdauto.lt\/index.php?rest_route=\/wp\/v2\/product"}],"about":[{"href":"https:\/\/valdauto.lt\/index.php?rest_route=\/wp\/v2\/types\/product"}],"version-history":[{"count":2,"href":"https:\/\/valdauto.lt\/index.php?rest_route=\/wp\/v2\/product\/1524\/revisions"}],"predecessor-version":[{"id":1550,"href":"https:\/\/valdauto.lt\/index.php?rest_route=\/wp\/v2\/product\/1524\/revisions\/1550"}],"wp:featuredmedia":[{"embeddable":true,"href":"https:\/\/valdauto.lt\/index.php?rest_route=\/wp\/v2\/media\/1525"}],"wp:attachment":[{"href":"https:\/\/valdauto.lt\/index.php?rest_route=%2Fwp%2Fv2%2Fmedia&parent=1524"}],"wp:term":[{"taxonomy":"product_brand","embeddable":true,"href":"https:\/\/valdauto.lt\/index.php?rest_route=%2Fwp%2Fv2%2Fproduct_brand&post=1524"},{"taxonomy":"product_cat","embeddable":true,"href":"https:\/\/valdauto.lt\/index.php?rest_route=%2Fwp%2Fv2%2Fproduct_cat&post=1524"},{"taxonomy":"product_tag","embeddable":true,"href":"https:\/\/valdauto.lt\/index.php?rest_route=%2Fwp%2Fv2%2Fproduct_tag&post=1524"}],"curies":[{"name":"wp","href":"https:\/\/api.w.org\/{rel}","templated":true}]}}