{"id":1521,"date":"2021-10-24T17:03:59","date_gmt":"2021-10-24T15:03:59","guid":{"rendered":"https:\/\/valdauto.lt\/?post_type=product&#038;p=1521"},"modified":"2021-10-24T17:03:59","modified_gmt":"2021-10-24T15:03:59","slug":"w205-cabrio-sedine-desines-puses","status":"publish","type":"product","link":"https:\/\/valdauto.lt\/?product=w205-cabrio-sedine-desines-puses","title":{"rendered":"W205 cabrio sedin\u0117 de\u0161in\u0117s pus\u0117s"},"content":{"rendered":"<p>W205 cabrio sedin\u0117 su juoda alcantara raudona si\u016bl\u0117<\/p>\n","protected":false},"excerpt":{"rendered":"<p>Tinka cabrio ir Coupe modeliams. Parduodama be elektrinio valdimo modulio .<\/p>\n","protected":false},"featured_media":1522,"template":"","meta":{"om_disable_all_campaigns":false,"_monsterinsights_skip_tracking":false,"_monsterinsights_sitenote_active":false,"_monsterinsights_sitenote_note":"","_monsterinsights_sitenote_category":0,"_uf_show_specific_survey":0,"_uf_disable_surveys":false,"slim_seo":{"title":"W205 cabrio sedin\u0117 de\u0161in\u0117s pus\u0117s","description":"W205 cabrio sedin\u0117 su juoda alcantara raudona si\u016bl\u0117\u00a0"}},"product_brand":[],"product_cat":[31],"product_tag":[281],"class_list":{"0":"post-1521","1":"product","2":"type-product","3":"status-publish","4":"has-post-thumbnail","6":"product_cat-mercedes-benz-salono-komforto-aksesuarai","7":"product_tag-w205-cabrio-sedine","9":"first","10":"instock","11":"taxable","12":"shipping-taxable","13":"purchasable","14":"product-type-simple","15":"berocket_lgv_grid","16":"berocket_lgv_list_grid"},"_links":{"self":[{"href":"https:\/\/valdauto.lt\/index.php?rest_route=\/wp\/v2\/product\/1521","targetHints":{"allow":["GET"]}}],"collection":[{"href":"https:\/\/valdauto.lt\/index.php?rest_route=\/wp\/v2\/product"}],"about":[{"href":"https:\/\/valdauto.lt\/index.php?rest_route=\/wp\/v2\/types\/product"}],"version-history":[{"count":1,"href":"https:\/\/valdauto.lt\/index.php?rest_route=\/wp\/v2\/product\/1521\/revisions"}],"predecessor-version":[{"id":1523,"href":"https:\/\/valdauto.lt\/index.php?rest_route=\/wp\/v2\/product\/1521\/revisions\/1523"}],"wp:featuredmedia":[{"embeddable":true,"href":"https:\/\/valdauto.lt\/index.php?rest_route=\/wp\/v2\/media\/1522"}],"wp:attachment":[{"href":"https:\/\/valdauto.lt\/index.php?rest_route=%2Fwp%2Fv2%2Fmedia&parent=1521"}],"wp:term":[{"taxonomy":"product_brand","embeddable":true,"href":"https:\/\/valdauto.lt\/index.php?rest_route=%2Fwp%2Fv2%2Fproduct_brand&post=1521"},{"taxonomy":"product_cat","embeddable":true,"href":"https:\/\/valdauto.lt\/index.php?rest_route=%2Fwp%2Fv2%2Fproduct_cat&post=1521"},{"taxonomy":"product_tag","embeddable":true,"href":"https:\/\/valdauto.lt\/index.php?rest_route=%2Fwp%2Fv2%2Fproduct_tag&post=1521"}],"curies":[{"name":"wp","href":"https:\/\/api.w.org\/{rel}","templated":true}]}}