{"id":1508,"date":"2021-10-23T20:29:35","date_gmt":"2021-10-23T18:29:35","guid":{"rendered":"https:\/\/valdauto.lt\/?post_type=product&#038;p=1508"},"modified":"2021-10-23T20:29:36","modified_gmt":"2021-10-23T18:29:36","slug":"a2059057451-mercedes-benz-x253-w205-sedyniu-reguliavimo-jungtukas","status":"publish","type":"product","link":"https:\/\/valdauto.lt\/?product=a2059057451-mercedes-benz-x253-w205-sedyniu-reguliavimo-jungtukas","title":{"rendered":"A2059057451 MERCEDES-BENZ  X253 W205 S\u0116DYNI\u0172 REGULIAVIMO JUNGTUKAS"},"content":{"rendered":"<p>C GLC kals\u0117s de\u0161in\u0117s pus\u0117s elektrini\u0173 sedini\u0173 reguliavimo mygtukas<\/p>\n","protected":false},"excerpt":{"rendered":"<p>Tinka C GLC ir kitiems modeliams<\/p>\n","protected":false},"featured_media":1506,"template":"","meta":{"om_disable_all_campaigns":false,"_monsterinsights_skip_tracking":false,"_monsterinsights_sitenote_active":false,"_monsterinsights_sitenote_note":"","_monsterinsights_sitenote_category":0,"_uf_show_specific_survey":0,"_uf_disable_surveys":false,"slim_seo":{"title":"MERCEDES-BENZ X253 W205 S\u0116DYNI\u0172 REGULIAVIMO JUNGTUKAS","description":"C GLC kals\u0117s de\u0161in\u0117s pus\u0117s elektrini\u0173 sedini\u0173 reguliavimo mygtukas"}},"product_brand":[],"product_cat":[22],"product_tag":[275],"class_list":{"0":"post-1508","1":"product","2":"type-product","3":"status-publish","4":"has-post-thumbnail","6":"product_cat-mercedes-benz-elektronika","7":"product_tag-a2059057451","9":"first","10":"instock","11":"taxable","12":"shipping-taxable","13":"purchasable","14":"product-type-simple","15":"berocket_lgv_grid","16":"berocket_lgv_list_grid"},"_links":{"self":[{"href":"https:\/\/valdauto.lt\/index.php?rest_route=\/wp\/v2\/product\/1508","targetHints":{"allow":["GET"]}}],"collection":[{"href":"https:\/\/valdauto.lt\/index.php?rest_route=\/wp\/v2\/product"}],"about":[{"href":"https:\/\/valdauto.lt\/index.php?rest_route=\/wp\/v2\/types\/product"}],"version-history":[{"count":1,"href":"https:\/\/valdauto.lt\/index.php?rest_route=\/wp\/v2\/product\/1508\/revisions"}],"predecessor-version":[{"id":1509,"href":"https:\/\/valdauto.lt\/index.php?rest_route=\/wp\/v2\/product\/1508\/revisions\/1509"}],"wp:featuredmedia":[{"embeddable":true,"href":"https:\/\/valdauto.lt\/index.php?rest_route=\/wp\/v2\/media\/1506"}],"wp:attachment":[{"href":"https:\/\/valdauto.lt\/index.php?rest_route=%2Fwp%2Fv2%2Fmedia&parent=1508"}],"wp:term":[{"taxonomy":"product_brand","embeddable":true,"href":"https:\/\/valdauto.lt\/index.php?rest_route=%2Fwp%2Fv2%2Fproduct_brand&post=1508"},{"taxonomy":"product_cat","embeddable":true,"href":"https:\/\/valdauto.lt\/index.php?rest_route=%2Fwp%2Fv2%2Fproduct_cat&post=1508"},{"taxonomy":"product_tag","embeddable":true,"href":"https:\/\/valdauto.lt\/index.php?rest_route=%2Fwp%2Fv2%2Fproduct_tag&post=1508"}],"curies":[{"name":"wp","href":"https:\/\/api.w.org\/{rel}","templated":true}]}}