{"id":1505,"date":"2021-10-23T20:27:14","date_gmt":"2021-10-23T18:27:14","guid":{"rendered":"https:\/\/valdauto.lt\/?post_type=product&#038;p=1505"},"modified":"2021-10-23T20:27:15","modified_gmt":"2021-10-23T18:27:15","slug":"a2059056651-mercedes-benz-x253-w205-sedyniu-reguliavimo-jungtukas","status":"publish","type":"product","link":"https:\/\/valdauto.lt\/?product=a2059056651-mercedes-benz-x253-w205-sedyniu-reguliavimo-jungtukas","title":{"rendered":"A2059056651 MERCEDES-BENZ  X253 W205 S\u0116DYNI\u0172 REGULIAVIMO JUNGTUKAS"},"content":{"rendered":"<p>C GLC kals\u0117s kair\u0117s pus\u0117s elektrini\u0173 sedini\u0173 su atminintimi reguliavimo mygtukas<\/p>\n","protected":false},"excerpt":{"rendered":"<p>Tinka C GLC kals\u0117s automobiliams, kair\u0117s pus\u0117s<\/p>\n","protected":false},"featured_media":1506,"template":"","meta":{"om_disable_all_campaigns":false,"_monsterinsights_skip_tracking":false,"_monsterinsights_sitenote_active":false,"_monsterinsights_sitenote_note":"","_monsterinsights_sitenote_category":0,"_uf_show_specific_survey":0,"_uf_disable_surveys":false,"slim_seo":{"title":"MERCEDES-BENZ X253 W205 S\u0116DYNI\u0172 REGULIAVIMO JUNGTUKAS","description":"A2059056651 MERCEDES-BENZ X253 W205 S\u0116DYNI\u0172 REGULIAVIMO JUNGTUKAS"}},"product_brand":[],"product_cat":[22],"product_tag":[274],"class_list":{"0":"post-1505","1":"product","2":"type-product","3":"status-publish","4":"has-post-thumbnail","6":"product_cat-mercedes-benz-elektronika","7":"product_tag-a2059056651","9":"first","10":"instock","11":"taxable","12":"shipping-taxable","13":"purchasable","14":"product-type-simple","15":"berocket_lgv_grid","16":"berocket_lgv_list_grid"},"_links":{"self":[{"href":"https:\/\/valdauto.lt\/index.php?rest_route=\/wp\/v2\/product\/1505","targetHints":{"allow":["GET"]}}],"collection":[{"href":"https:\/\/valdauto.lt\/index.php?rest_route=\/wp\/v2\/product"}],"about":[{"href":"https:\/\/valdauto.lt\/index.php?rest_route=\/wp\/v2\/types\/product"}],"version-history":[{"count":1,"href":"https:\/\/valdauto.lt\/index.php?rest_route=\/wp\/v2\/product\/1505\/revisions"}],"predecessor-version":[{"id":1507,"href":"https:\/\/valdauto.lt\/index.php?rest_route=\/wp\/v2\/product\/1505\/revisions\/1507"}],"wp:featuredmedia":[{"embeddable":true,"href":"https:\/\/valdauto.lt\/index.php?rest_route=\/wp\/v2\/media\/1506"}],"wp:attachment":[{"href":"https:\/\/valdauto.lt\/index.php?rest_route=%2Fwp%2Fv2%2Fmedia&parent=1505"}],"wp:term":[{"taxonomy":"product_brand","embeddable":true,"href":"https:\/\/valdauto.lt\/index.php?rest_route=%2Fwp%2Fv2%2Fproduct_brand&post=1505"},{"taxonomy":"product_cat","embeddable":true,"href":"https:\/\/valdauto.lt\/index.php?rest_route=%2Fwp%2Fv2%2Fproduct_cat&post=1505"},{"taxonomy":"product_tag","embeddable":true,"href":"https:\/\/valdauto.lt\/index.php?rest_route=%2Fwp%2Fv2%2Fproduct_tag&post=1505"}],"curies":[{"name":"wp","href":"https:\/\/api.w.org\/{rel}","templated":true}]}}