{"id":1496,"date":"2021-10-23T20:05:28","date_gmt":"2021-10-23T18:05:28","guid":{"rendered":"https:\/\/valdauto.lt\/?post_type=product&#038;p=1496"},"modified":"2021-10-23T20:05:29","modified_gmt":"2021-10-23T18:05:29","slug":"a2056900303-w205-cabrio-coupe-apdaila","status":"publish","type":"product","link":"https:\/\/valdauto.lt\/?product=a2056900303-w205-cabrio-coupe-apdaila","title":{"rendered":"A2056900303 W205 Cabrio \/ Coupe apdaila"},"content":{"rendered":"<p>Mercedes Benz W205 kebulo galo kair\u0117s pus\u0117s apdailos detale . Juoda su raudona si\u016ble .<\/p>\n","protected":false},"excerpt":{"rendered":"<p>Tinka Cabrio bei coupe modeliams<\/p>\n","protected":false},"featured_media":1497,"template":"","meta":{"om_disable_all_campaigns":false,"_monsterinsights_skip_tracking":false,"_monsterinsights_sitenote_active":false,"_monsterinsights_sitenote_note":"","_monsterinsights_sitenote_category":0,"_uf_show_specific_survey":0,"_uf_disable_surveys":false,"slim_seo":{"title":"A2056900303 W205 Cabrio \/ Coupe apdaila","description":"Mercedes Benz W205 kebulo galo kair\u0117s pus\u0117s apdailos detale . Juoda su raudona si\u016ble ."}},"product_brand":[],"product_cat":[31],"product_tag":[271],"class_list":{"0":"post-1496","1":"product","2":"type-product","3":"status-publish","4":"has-post-thumbnail","6":"product_cat-mercedes-benz-salono-komforto-aksesuarai","7":"product_tag-a2056900303","9":"first","10":"instock","11":"taxable","12":"shipping-taxable","13":"purchasable","14":"product-type-simple","15":"berocket_lgv_grid","16":"berocket_lgv_list_grid"},"_links":{"self":[{"href":"https:\/\/valdauto.lt\/index.php?rest_route=\/wp\/v2\/product\/1496","targetHints":{"allow":["GET"]}}],"collection":[{"href":"https:\/\/valdauto.lt\/index.php?rest_route=\/wp\/v2\/product"}],"about":[{"href":"https:\/\/valdauto.lt\/index.php?rest_route=\/wp\/v2\/types\/product"}],"version-history":[{"count":1,"href":"https:\/\/valdauto.lt\/index.php?rest_route=\/wp\/v2\/product\/1496\/revisions"}],"predecessor-version":[{"id":1498,"href":"https:\/\/valdauto.lt\/index.php?rest_route=\/wp\/v2\/product\/1496\/revisions\/1498"}],"wp:featuredmedia":[{"embeddable":true,"href":"https:\/\/valdauto.lt\/index.php?rest_route=\/wp\/v2\/media\/1497"}],"wp:attachment":[{"href":"https:\/\/valdauto.lt\/index.php?rest_route=%2Fwp%2Fv2%2Fmedia&parent=1496"}],"wp:term":[{"taxonomy":"product_brand","embeddable":true,"href":"https:\/\/valdauto.lt\/index.php?rest_route=%2Fwp%2Fv2%2Fproduct_brand&post=1496"},{"taxonomy":"product_cat","embeddable":true,"href":"https:\/\/valdauto.lt\/index.php?rest_route=%2Fwp%2Fv2%2Fproduct_cat&post=1496"},{"taxonomy":"product_tag","embeddable":true,"href":"https:\/\/valdauto.lt\/index.php?rest_route=%2Fwp%2Fv2%2Fproduct_tag&post=1496"}],"curies":[{"name":"wp","href":"https:\/\/api.w.org\/{rel}","templated":true}]}}