{"id":1481,"date":"2021-10-23T19:41:24","date_gmt":"2021-10-23T17:41:24","guid":{"rendered":"https:\/\/valdauto.lt\/?post_type=product&#038;p=1481"},"modified":"2021-10-23T19:41:24","modified_gmt":"2021-10-23T17:41:24","slug":"a2539801164-mercedes-benz-glc-x253-amortizatorius-variklio-dangcio","status":"publish","type":"product","link":"https:\/\/valdauto.lt\/?product=a2539801164-mercedes-benz-glc-x253-amortizatorius-variklio-dangcio","title":{"rendered":"A2539801164 MERCEDES-BENZ GLC X253  AMORTIZATORIUS VARIKLIO DANG\u010cIO"},"content":{"rendered":"<p>A2539801164 MERCEDES-BENZ GLC X253 AMORTIZATORIUS VARIKLIO DANG\u010cIO<\/p>\n","protected":false},"excerpt":{"rendered":"<p>GLC \/ GLC coupe kair\u0117s pus\u0117s variklio dang\u010dio amortizatorius<\/p>\n","protected":false},"featured_media":1482,"template":"","meta":{"om_disable_all_campaigns":false,"_monsterinsights_skip_tracking":false,"_monsterinsights_sitenote_active":false,"_monsterinsights_sitenote_note":"","_monsterinsights_sitenote_category":0,"_uf_show_specific_survey":0,"_uf_disable_surveys":false,"slim_seo":{"title":"MERCEDES-BENZ GLC X253 AMORTIZATORIUS VARIKLIO DANG\u010cIO","description":"A2539801164 MERCEDES-BENZ GLC X253 AMORTIZATORIUS VARIKLIO DANG\u010cIO"}},"product_brand":[],"product_cat":[20],"product_tag":[266],"class_list":{"0":"post-1481","1":"product","2":"type-product","3":"status-publish","4":"has-post-thumbnail","6":"product_cat-mercedes-benz-kebulo-dalys","7":"product_tag-a2539801164","9":"first","10":"instock","11":"taxable","12":"shipping-taxable","13":"purchasable","14":"product-type-simple","15":"berocket_lgv_grid","16":"berocket_lgv_list_grid"},"_links":{"self":[{"href":"https:\/\/valdauto.lt\/index.php?rest_route=\/wp\/v2\/product\/1481","targetHints":{"allow":["GET"]}}],"collection":[{"href":"https:\/\/valdauto.lt\/index.php?rest_route=\/wp\/v2\/product"}],"about":[{"href":"https:\/\/valdauto.lt\/index.php?rest_route=\/wp\/v2\/types\/product"}],"version-history":[{"count":1,"href":"https:\/\/valdauto.lt\/index.php?rest_route=\/wp\/v2\/product\/1481\/revisions"}],"predecessor-version":[{"id":1483,"href":"https:\/\/valdauto.lt\/index.php?rest_route=\/wp\/v2\/product\/1481\/revisions\/1483"}],"wp:featuredmedia":[{"embeddable":true,"href":"https:\/\/valdauto.lt\/index.php?rest_route=\/wp\/v2\/media\/1482"}],"wp:attachment":[{"href":"https:\/\/valdauto.lt\/index.php?rest_route=%2Fwp%2Fv2%2Fmedia&parent=1481"}],"wp:term":[{"taxonomy":"product_brand","embeddable":true,"href":"https:\/\/valdauto.lt\/index.php?rest_route=%2Fwp%2Fv2%2Fproduct_brand&post=1481"},{"taxonomy":"product_cat","embeddable":true,"href":"https:\/\/valdauto.lt\/index.php?rest_route=%2Fwp%2Fv2%2Fproduct_cat&post=1481"},{"taxonomy":"product_tag","embeddable":true,"href":"https:\/\/valdauto.lt\/index.php?rest_route=%2Fwp%2Fv2%2Fproduct_tag&post=1481"}],"curies":[{"name":"wp","href":"https:\/\/api.w.org\/{rel}","templated":true}]}}