{"id":1477,"date":"2021-10-23T19:35:44","date_gmt":"2021-10-23T17:35:44","guid":{"rendered":"https:\/\/valdauto.lt\/?post_type=product&#038;p=1477"},"modified":"2021-10-23T19:35:44","modified_gmt":"2021-10-23T17:35:44","slug":"a2539800164-mercedes-benz-glc-x253-amortizatorius-galinio-dangcio","status":"publish","type":"product","link":"https:\/\/valdauto.lt\/?product=a2539800164-mercedes-benz-glc-x253-amortizatorius-galinio-dangcio","title":{"rendered":"A2539800164 MERCEDES-BENZ GLC X253 AMORTIZATORIUS GALINIO DANG\u010cIO"},"content":{"rendered":"<p>MERCEDES-BENZ GLC X253 AMORTIZATORIUS GALINIO DANG\u010cIO<\/p>\n","protected":false},"excerpt":{"rendered":"<p>Galinio dang\u010dio amortizatorius tinka su elektrin\u0117s baga\u017eines opcija<\/p>\n","protected":false},"featured_media":1479,"template":"","meta":{"om_disable_all_campaigns":false,"_monsterinsights_skip_tracking":false,"_monsterinsights_sitenote_active":false,"_monsterinsights_sitenote_note":"","_monsterinsights_sitenote_category":0,"_uf_show_specific_survey":0,"_uf_disable_surveys":false,"slim_seo":{"title":"MERCEDES-BENZ GLC X253 AMORTIZATORIUS GALINIO DANG\u010cIO\u00a0","description":"MERCEDES-BENZ GLC X253 AMORTIZATORIUS GALINIO DANG\u010cIO\u00a0tinka su elektrini\u0173 lift\u0173"}},"product_brand":[],"product_cat":[20],"product_tag":[265],"class_list":{"0":"post-1477","1":"product","2":"type-product","3":"status-publish","4":"has-post-thumbnail","6":"product_cat-mercedes-benz-kebulo-dalys","7":"product_tag-a2539800164","9":"first","10":"instock","11":"taxable","12":"shipping-taxable","13":"purchasable","14":"product-type-simple","15":"berocket_lgv_grid","16":"berocket_lgv_list_grid"},"_links":{"self":[{"href":"https:\/\/valdauto.lt\/index.php?rest_route=\/wp\/v2\/product\/1477","targetHints":{"allow":["GET"]}}],"collection":[{"href":"https:\/\/valdauto.lt\/index.php?rest_route=\/wp\/v2\/product"}],"about":[{"href":"https:\/\/valdauto.lt\/index.php?rest_route=\/wp\/v2\/types\/product"}],"version-history":[{"count":2,"href":"https:\/\/valdauto.lt\/index.php?rest_route=\/wp\/v2\/product\/1477\/revisions"}],"predecessor-version":[{"id":1480,"href":"https:\/\/valdauto.lt\/index.php?rest_route=\/wp\/v2\/product\/1477\/revisions\/1480"}],"wp:featuredmedia":[{"embeddable":true,"href":"https:\/\/valdauto.lt\/index.php?rest_route=\/wp\/v2\/media\/1479"}],"wp:attachment":[{"href":"https:\/\/valdauto.lt\/index.php?rest_route=%2Fwp%2Fv2%2Fmedia&parent=1477"}],"wp:term":[{"taxonomy":"product_brand","embeddable":true,"href":"https:\/\/valdauto.lt\/index.php?rest_route=%2Fwp%2Fv2%2Fproduct_brand&post=1477"},{"taxonomy":"product_cat","embeddable":true,"href":"https:\/\/valdauto.lt\/index.php?rest_route=%2Fwp%2Fv2%2Fproduct_cat&post=1477"},{"taxonomy":"product_tag","embeddable":true,"href":"https:\/\/valdauto.lt\/index.php?rest_route=%2Fwp%2Fv2%2Fproduct_tag&post=1477"}],"curies":[{"name":"wp","href":"https:\/\/api.w.org\/{rel}","templated":true}]}}