{"id":1460,"date":"2021-09-27T20:40:32","date_gmt":"2021-09-27T18:40:32","guid":{"rendered":"https:\/\/valdauto.lt\/?post_type=product&#038;p=1460"},"modified":"2021-09-27T20:40:32","modified_gmt":"2021-09-27T18:40:32","slug":"mercedes-benz-c-klases-svieciantys-ambient-light-ortakiai","status":"publish","type":"product","link":"https:\/\/valdauto.lt\/?product=mercedes-benz-c-klases-svieciantys-ambient-light-ortakiai","title":{"rendered":"Mercedes-Benz C  klas\u0117s \u0161vie\u010diantys ambient light ortakiai"},"content":{"rendered":"<p>Mercedes-Benz C klas\u0117s \u0161vie\u010diantys ambient light ortakiai 3 slapv\u0173.<\/p>\n","protected":false},"excerpt":{"rendered":"<p>Tinka GLC \/ C kals\u0117s modeliams su gamiklin\u0119 3 spalv\u0173 ap\u0161vietimo sistema. Lengvas pajungimas .<\/p>\n<p>Komplete 5 ortakiai bei pajungimo laidai. Montavimas 3 centrin\u0117je konsol\u0117je, bei 2 vnt priekin\u0117je panel\u0117je .<\/p>\n","protected":false},"featured_media":1461,"template":"","meta":{"om_disable_all_campaigns":false,"_monsterinsights_skip_tracking":false,"_monsterinsights_sitenote_active":false,"_monsterinsights_sitenote_note":"","_monsterinsights_sitenote_category":0,"_uf_show_specific_survey":0,"_uf_disable_surveys":false,"slim_seo":{"title":"Mercedes-Benz C klas\u0117s \u0161vie\u010diantys ambient light ortakiai","description":"Tinka GLC \/ C kals\u0117s modeliams su gamiklin\u0119 3 spalv\u0173 ap\u0161vietimo sistema. Lengvas pajungimas . Komplete 5 ortakiai bei pajungimo laidai. Montavimas 3 centrin\u0117je"}},"product_brand":[],"product_cat":[31,86,22],"product_tag":[261,262],"class_list":{"0":"post-1460","1":"product","2":"type-product","3":"status-publish","4":"has-post-thumbnail","6":"product_cat-mercedes-benz-salono-komforto-aksesuarai","7":"product_cat-mercedes-tuning-dalys","8":"product_cat-mercedes-benz-elektronika","9":"product_tag-ambient-light","10":"product_tag-mercedes-ambient-light","12":"first","13":"instock","14":"taxable","15":"shipping-taxable","16":"purchasable","17":"product-type-simple","18":"berocket_lgv_grid","19":"berocket_lgv_list_grid"},"_links":{"self":[{"href":"https:\/\/valdauto.lt\/index.php?rest_route=\/wp\/v2\/product\/1460","targetHints":{"allow":["GET"]}}],"collection":[{"href":"https:\/\/valdauto.lt\/index.php?rest_route=\/wp\/v2\/product"}],"about":[{"href":"https:\/\/valdauto.lt\/index.php?rest_route=\/wp\/v2\/types\/product"}],"version-history":[{"count":1,"href":"https:\/\/valdauto.lt\/index.php?rest_route=\/wp\/v2\/product\/1460\/revisions"}],"predecessor-version":[{"id":1463,"href":"https:\/\/valdauto.lt\/index.php?rest_route=\/wp\/v2\/product\/1460\/revisions\/1463"}],"wp:featuredmedia":[{"embeddable":true,"href":"https:\/\/valdauto.lt\/index.php?rest_route=\/wp\/v2\/media\/1461"}],"wp:attachment":[{"href":"https:\/\/valdauto.lt\/index.php?rest_route=%2Fwp%2Fv2%2Fmedia&parent=1460"}],"wp:term":[{"taxonomy":"product_brand","embeddable":true,"href":"https:\/\/valdauto.lt\/index.php?rest_route=%2Fwp%2Fv2%2Fproduct_brand&post=1460"},{"taxonomy":"product_cat","embeddable":true,"href":"https:\/\/valdauto.lt\/index.php?rest_route=%2Fwp%2Fv2%2Fproduct_cat&post=1460"},{"taxonomy":"product_tag","embeddable":true,"href":"https:\/\/valdauto.lt\/index.php?rest_route=%2Fwp%2Fv2%2Fproduct_tag&post=1460"}],"curies":[{"name":"wp","href":"https:\/\/api.w.org\/{rel}","templated":true}]}}