{"id":1458,"date":"2021-09-27T20:30:15","date_gmt":"2021-09-27T18:30:15","guid":{"rendered":"https:\/\/valdauto.lt\/?post_type=product&#038;p=1458"},"modified":"2021-09-27T20:30:15","modified_gmt":"2021-09-27T18:30:15","slug":"svieciantis-3d-mercedes-benz-garsiakalbiai-x253-glc-modeliui","status":"publish","type":"product","link":"https:\/\/valdauto.lt\/?product=svieciantis-3d-mercedes-benz-garsiakalbiai-x253-glc-modeliui","title":{"rendered":"\u0160vie\u010diantis 3D mercedes benz garsiakalbiai X253 GLC modeliui"},"content":{"rendered":"<p>\u0160vie\u010diantis 3D mercedes benz garsiakalbiai X253 GLC modeliui . 3 Spalv\u0173<\/p>\n","protected":false},"excerpt":{"rendered":"<p>Tinka GLC klas\u0117s modeliams. 3D funkcija . Greitas montavimas . Komplete kair\u0117s d\u0117\u0161in\u0117s pus\u0117s . 3 Spalv\u0173<\/p>\n","protected":false},"featured_media":1455,"template":"","meta":{"om_disable_all_campaigns":false,"_monsterinsights_skip_tracking":false,"_monsterinsights_sitenote_active":false,"_monsterinsights_sitenote_note":"","_monsterinsights_sitenote_category":0,"_uf_show_specific_survey":0,"_uf_disable_surveys":false,"slim_seo":{"title":"\u0160vie\u010diantis 3D mercedes benz garsiakalbiai X253 GLC modeliui","description":"Tinka GLC klas\u0117s modeliams. 3D funkcija . Greitas montavimas . Komplete kair\u0117s d\u0117\u0161in\u0117s pus\u0117s . 3 Spalv\u0173"}},"product_brand":[],"product_cat":[31,86,22],"product_tag":[259,260,258],"class_list":{"0":"post-1458","1":"product","2":"type-product","3":"status-publish","4":"has-post-thumbnail","6":"product_cat-mercedes-benz-salono-komforto-aksesuarai","7":"product_cat-mercedes-tuning-dalys","8":"product_cat-mercedes-benz-elektronika","9":"product_tag-3d","10":"product_tag-3d-burmeister","11":"product_tag-3d-mercedes-benz-garsiakalbiai","13":"first","14":"instock","15":"taxable","16":"shipping-taxable","17":"purchasable","18":"product-type-simple","19":"berocket_lgv_grid","20":"berocket_lgv_list_grid"},"_links":{"self":[{"href":"https:\/\/valdauto.lt\/index.php?rest_route=\/wp\/v2\/product\/1458","targetHints":{"allow":["GET"]}}],"collection":[{"href":"https:\/\/valdauto.lt\/index.php?rest_route=\/wp\/v2\/product"}],"about":[{"href":"https:\/\/valdauto.lt\/index.php?rest_route=\/wp\/v2\/types\/product"}],"version-history":[{"count":1,"href":"https:\/\/valdauto.lt\/index.php?rest_route=\/wp\/v2\/product\/1458\/revisions"}],"predecessor-version":[{"id":1459,"href":"https:\/\/valdauto.lt\/index.php?rest_route=\/wp\/v2\/product\/1458\/revisions\/1459"}],"wp:featuredmedia":[{"embeddable":true,"href":"https:\/\/valdauto.lt\/index.php?rest_route=\/wp\/v2\/media\/1455"}],"wp:attachment":[{"href":"https:\/\/valdauto.lt\/index.php?rest_route=%2Fwp%2Fv2%2Fmedia&parent=1458"}],"wp:term":[{"taxonomy":"product_brand","embeddable":true,"href":"https:\/\/valdauto.lt\/index.php?rest_route=%2Fwp%2Fv2%2Fproduct_brand&post=1458"},{"taxonomy":"product_cat","embeddable":true,"href":"https:\/\/valdauto.lt\/index.php?rest_route=%2Fwp%2Fv2%2Fproduct_cat&post=1458"},{"taxonomy":"product_tag","embeddable":true,"href":"https:\/\/valdauto.lt\/index.php?rest_route=%2Fwp%2Fv2%2Fproduct_tag&post=1458"}],"curies":[{"name":"wp","href":"https:\/\/api.w.org\/{rel}","templated":true}]}}