{"id":1454,"date":"2021-09-27T20:27:32","date_gmt":"2021-09-27T18:27:32","guid":{"rendered":"https:\/\/valdauto.lt\/?post_type=product&#038;p=1454"},"modified":"2021-09-27T20:27:32","modified_gmt":"2021-09-27T18:27:32","slug":"svieciantis-3d-mercedes-benz-garsiakalbiai-w205-sedanui","status":"publish","type":"product","link":"https:\/\/valdauto.lt\/?product=svieciantis-3d-mercedes-benz-garsiakalbiai-w205-sedanui","title":{"rendered":"\u0160vie\u010diantis 3D mercedes benz garsiakalbiai W205 sedanui"},"content":{"rendered":"<p>\u0160vie\u010diantis 3D mercedes benz garsiakalbiai W205 sedanui , 3 spalv\u0173 . Tinka prie originalaus mercedes ambient lighting .<\/p>\n","protected":false},"excerpt":{"rendered":"<p>Lenkgvas montavimas. Tinka tik sedano \/ uneversalo versijai . Komplekte kair\u0117s \/ de\u0161in\u0117s pus\u0117s garsiakalbiai .<\/p>\n","protected":false},"featured_media":1455,"template":"","meta":{"om_disable_all_campaigns":false,"_monsterinsights_skip_tracking":false,"_monsterinsights_sitenote_active":false,"_monsterinsights_sitenote_note":"","_monsterinsights_sitenote_category":0,"_uf_show_specific_survey":0,"_uf_disable_surveys":false,"slim_seo":{"title":"\u0160vie\u010diantis 3D mercedes benz garsiakalbiai W205 sedanui .","description":"Lenkgvas montavimas. Tinka tik sedano \/ uneversalo versijai . Komplekte kair\u0117s \/ de\u0161in\u0117s pus\u0117s garsiakalbiai ."}},"product_brand":[],"product_cat":[31,86,22],"product_tag":[257,258],"class_list":{"0":"post-1454","1":"product","2":"type-product","3":"status-publish","4":"has-post-thumbnail","6":"product_cat-mercedes-benz-salono-komforto-aksesuarai","7":"product_cat-mercedes-tuning-dalys","8":"product_cat-mercedes-benz-elektronika","9":"product_tag-3d-mercedes-benz","10":"product_tag-3d-mercedes-benz-garsiakalbiai","12":"first","13":"instock","14":"taxable","15":"shipping-taxable","16":"purchasable","17":"product-type-simple","18":"berocket_lgv_grid","19":"berocket_lgv_list_grid"},"_links":{"self":[{"href":"https:\/\/valdauto.lt\/index.php?rest_route=\/wp\/v2\/product\/1454","targetHints":{"allow":["GET"]}}],"collection":[{"href":"https:\/\/valdauto.lt\/index.php?rest_route=\/wp\/v2\/product"}],"about":[{"href":"https:\/\/valdauto.lt\/index.php?rest_route=\/wp\/v2\/types\/product"}],"version-history":[{"count":1,"href":"https:\/\/valdauto.lt\/index.php?rest_route=\/wp\/v2\/product\/1454\/revisions"}],"predecessor-version":[{"id":1457,"href":"https:\/\/valdauto.lt\/index.php?rest_route=\/wp\/v2\/product\/1454\/revisions\/1457"}],"wp:featuredmedia":[{"embeddable":true,"href":"https:\/\/valdauto.lt\/index.php?rest_route=\/wp\/v2\/media\/1455"}],"wp:attachment":[{"href":"https:\/\/valdauto.lt\/index.php?rest_route=%2Fwp%2Fv2%2Fmedia&parent=1454"}],"wp:term":[{"taxonomy":"product_brand","embeddable":true,"href":"https:\/\/valdauto.lt\/index.php?rest_route=%2Fwp%2Fv2%2Fproduct_brand&post=1454"},{"taxonomy":"product_cat","embeddable":true,"href":"https:\/\/valdauto.lt\/index.php?rest_route=%2Fwp%2Fv2%2Fproduct_cat&post=1454"},{"taxonomy":"product_tag","embeddable":true,"href":"https:\/\/valdauto.lt\/index.php?rest_route=%2Fwp%2Fv2%2Fproduct_tag&post=1454"}],"curies":[{"name":"wp","href":"https:\/\/api.w.org\/{rel}","templated":true}]}}