{"id":1450,"date":"2021-09-27T20:18:09","date_gmt":"2021-09-27T18:18:09","guid":{"rendered":"https:\/\/valdauto.lt\/?post_type=product&#038;p=1450"},"modified":"2021-09-27T20:18:09","modified_gmt":"2021-09-27T18:18:09","slug":"svieciantis-mercedes-benz-garsiakalbiu-dangteliai","status":"publish","type":"product","link":"https:\/\/valdauto.lt\/?product=svieciantis-mercedes-benz-garsiakalbiu-dangteliai","title":{"rendered":"\u0160vie\u010diantis mercedes benz garsiakalbi\u0173 dangteliai"},"content":{"rendered":"<p>\u0160vie\u010diantis mercedes benz garsiakalbi\u0173 dangteliai. Burmeister logotipas. 3 spalv\u0173, tinka prie gamiklinio mercedes ambient lighting .<\/p>\n<p>&nbsp;<\/p>\n","protected":false},"excerpt":{"rendered":"<p>Tinka daugelis X253 \/ W205 modeliams . U\u017e papildom\u0105 kain\u0105 galime parduoti dekoravitin\u0117s apdailos tvirtinimo kron\u0161teinus.<\/p>\n<p>Komplete 4 dangteliai , pajungimo laidai .<\/p>\n","protected":false},"featured_media":1451,"template":"","meta":{"om_disable_all_campaigns":false,"_monsterinsights_skip_tracking":false,"_monsterinsights_sitenote_active":false,"_monsterinsights_sitenote_note":"","_monsterinsights_sitenote_category":0,"_uf_show_specific_survey":0,"_uf_disable_surveys":false,"slim_seo":{"title":"\u0160vie\u010diantis mercedes benz garsiakalbi\u0173 dangteliai","description":"Tinka daugelis X253 \/ W205 modeliams . U\u017e papildom\u0105 kain\u0105 galime parduoti dekoravitin\u0117s apdailos tvirtinimo kron\u0161teinus. Komplete 4 dangteliai , pajungimo laida"}},"product_brand":[],"product_cat":[31,86,22],"product_tag":[256,52,72],"class_list":{"0":"post-1450","1":"product","2":"type-product","3":"status-publish","4":"has-post-thumbnail","6":"product_cat-mercedes-benz-salono-komforto-aksesuarai","7":"product_cat-mercedes-tuning-dalys","8":"product_cat-mercedes-benz-elektronika","9":"product_tag-ambient-lighting","10":"product_tag-burmeister","11":"product_tag-led","13":"first","14":"instock","15":"taxable","16":"shipping-taxable","17":"purchasable","18":"product-type-simple","19":"berocket_lgv_grid","20":"berocket_lgv_list_grid"},"_links":{"self":[{"href":"https:\/\/valdauto.lt\/index.php?rest_route=\/wp\/v2\/product\/1450","targetHints":{"allow":["GET"]}}],"collection":[{"href":"https:\/\/valdauto.lt\/index.php?rest_route=\/wp\/v2\/product"}],"about":[{"href":"https:\/\/valdauto.lt\/index.php?rest_route=\/wp\/v2\/types\/product"}],"version-history":[{"count":1,"href":"https:\/\/valdauto.lt\/index.php?rest_route=\/wp\/v2\/product\/1450\/revisions"}],"predecessor-version":[{"id":1453,"href":"https:\/\/valdauto.lt\/index.php?rest_route=\/wp\/v2\/product\/1450\/revisions\/1453"}],"wp:featuredmedia":[{"embeddable":true,"href":"https:\/\/valdauto.lt\/index.php?rest_route=\/wp\/v2\/media\/1451"}],"wp:attachment":[{"href":"https:\/\/valdauto.lt\/index.php?rest_route=%2Fwp%2Fv2%2Fmedia&parent=1450"}],"wp:term":[{"taxonomy":"product_brand","embeddable":true,"href":"https:\/\/valdauto.lt\/index.php?rest_route=%2Fwp%2Fv2%2Fproduct_brand&post=1450"},{"taxonomy":"product_cat","embeddable":true,"href":"https:\/\/valdauto.lt\/index.php?rest_route=%2Fwp%2Fv2%2Fproduct_cat&post=1450"},{"taxonomy":"product_tag","embeddable":true,"href":"https:\/\/valdauto.lt\/index.php?rest_route=%2Fwp%2Fv2%2Fproduct_tag&post=1450"}],"curies":[{"name":"wp","href":"https:\/\/api.w.org\/{rel}","templated":true}]}}