{"id":1440,"date":"2021-09-25T11:53:06","date_gmt":"2021-09-25T09:53:06","guid":{"rendered":"https:\/\/valdauto.lt\/?post_type=product&#038;p=1440"},"modified":"2021-09-25T11:53:06","modified_gmt":"2021-09-25T09:53:06","slug":"mercedes-benz-glc-x253-galinis-desinys-zibintas-a2539060800-usa","status":"publish","type":"product","link":"https:\/\/valdauto.lt\/?product=mercedes-benz-glc-x253-galinis-desinys-zibintas-a2539060800-usa","title":{"rendered":"MERCEDES-BENZ GLC (X253) Galinis de\u0161inys \u017eibintas A2539060800 USA"},"content":{"rendered":"<p>GLC X253 galinis d\u0117\u0161in\u0117s pus\u0117s \u017eibintas , EOM kodas A2539060800<\/p>\n","protected":false},"excerpt":{"rendered":"<p>Tinka GLC modeliams . USA versija . Galima inti pilnais komplektais.<\/p>\n","protected":false},"featured_media":1441,"template":"","meta":{"om_disable_all_campaigns":false,"_monsterinsights_skip_tracking":false,"_monsterinsights_sitenote_active":false,"_monsterinsights_sitenote_note":"","_monsterinsights_sitenote_category":0,"_uf_show_specific_survey":0,"_uf_disable_surveys":false,"slim_seo":{"title":"A2539060800 GLC X253 galinis d\u0117\u0161in\u0117s pus\u0117s \u017eibintas","description":"Tinka GLC modeliams . USA versija . Galima inti pilnais komplektais."}},"product_brand":[],"product_cat":[21],"product_tag":[255],"class_list":{"0":"post-1440","1":"product","2":"type-product","3":"status-publish","4":"has-post-thumbnail","6":"product_cat-mercedes-benz-zibintai","7":"product_tag-a2539060800","9":"first","10":"instock","11":"taxable","12":"shipping-taxable","13":"purchasable","14":"product-type-simple","15":"berocket_lgv_grid","16":"berocket_lgv_list_grid"},"_links":{"self":[{"href":"https:\/\/valdauto.lt\/index.php?rest_route=\/wp\/v2\/product\/1440","targetHints":{"allow":["GET"]}}],"collection":[{"href":"https:\/\/valdauto.lt\/index.php?rest_route=\/wp\/v2\/product"}],"about":[{"href":"https:\/\/valdauto.lt\/index.php?rest_route=\/wp\/v2\/types\/product"}],"version-history":[{"count":1,"href":"https:\/\/valdauto.lt\/index.php?rest_route=\/wp\/v2\/product\/1440\/revisions"}],"predecessor-version":[{"id":1445,"href":"https:\/\/valdauto.lt\/index.php?rest_route=\/wp\/v2\/product\/1440\/revisions\/1445"}],"wp:featuredmedia":[{"embeddable":true,"href":"https:\/\/valdauto.lt\/index.php?rest_route=\/wp\/v2\/media\/1441"}],"wp:attachment":[{"href":"https:\/\/valdauto.lt\/index.php?rest_route=%2Fwp%2Fv2%2Fmedia&parent=1440"}],"wp:term":[{"taxonomy":"product_brand","embeddable":true,"href":"https:\/\/valdauto.lt\/index.php?rest_route=%2Fwp%2Fv2%2Fproduct_brand&post=1440"},{"taxonomy":"product_cat","embeddable":true,"href":"https:\/\/valdauto.lt\/index.php?rest_route=%2Fwp%2Fv2%2Fproduct_cat&post=1440"},{"taxonomy":"product_tag","embeddable":true,"href":"https:\/\/valdauto.lt\/index.php?rest_route=%2Fwp%2Fv2%2Fproduct_tag&post=1440"}],"curies":[{"name":"wp","href":"https:\/\/api.w.org\/{rel}","templated":true}]}}