{"id":1396,"date":"2021-03-25T18:20:31","date_gmt":"2021-03-25T16:20:31","guid":{"rendered":"https:\/\/valdauto.lt\/?post_type=product&#038;p=1396"},"modified":"2021-03-25T18:20:32","modified_gmt":"2021-03-25T16:20:32","slug":"centrine-apdaila-a2536805802","status":"publish","type":"product","link":"https:\/\/valdauto.lt\/?product=centrine-apdaila-a2536805802","title":{"rendered":"Centrin\u0117 apdaila  A2536805802"},"content":{"rendered":"<p>Mercedes Benz GLC centrin\u0117 apdaila A2536805802 , med\u017eio spalvos<\/p>\n","protected":false},"excerpt":{"rendered":"<p>Tinka GLC \/ GLC coupe modeliams.<\/p>\n","protected":false},"featured_media":1397,"template":"","meta":{"om_disable_all_campaigns":false,"_monsterinsights_skip_tracking":false,"_monsterinsights_sitenote_active":false,"_monsterinsights_sitenote_note":"","_monsterinsights_sitenote_category":0,"_uf_show_specific_survey":0,"_uf_disable_surveys":false,"slim_seo":{"title":"Mercedes Benz GLC centrin\u0117 apdaila A2536805802","description":"Mercedes Benz GLC centrin\u0117 apdaila A2536805802 , med\u017eio spalvos"}},"product_brand":[],"product_cat":[31],"product_tag":[252],"class_list":{"0":"post-1396","1":"product","2":"type-product","3":"status-publish","4":"has-post-thumbnail","6":"product_cat-mercedes-benz-salono-komforto-aksesuarai","7":"product_tag-a2536805802","9":"first","10":"instock","11":"taxable","12":"shipping-taxable","13":"purchasable","14":"product-type-simple","15":"berocket_lgv_grid","16":"berocket_lgv_list_grid"},"_links":{"self":[{"href":"https:\/\/valdauto.lt\/index.php?rest_route=\/wp\/v2\/product\/1396","targetHints":{"allow":["GET"]}}],"collection":[{"href":"https:\/\/valdauto.lt\/index.php?rest_route=\/wp\/v2\/product"}],"about":[{"href":"https:\/\/valdauto.lt\/index.php?rest_route=\/wp\/v2\/types\/product"}],"version-history":[{"count":1,"href":"https:\/\/valdauto.lt\/index.php?rest_route=\/wp\/v2\/product\/1396\/revisions"}],"predecessor-version":[{"id":1403,"href":"https:\/\/valdauto.lt\/index.php?rest_route=\/wp\/v2\/product\/1396\/revisions\/1403"}],"wp:featuredmedia":[{"embeddable":true,"href":"https:\/\/valdauto.lt\/index.php?rest_route=\/wp\/v2\/media\/1397"}],"wp:attachment":[{"href":"https:\/\/valdauto.lt\/index.php?rest_route=%2Fwp%2Fv2%2Fmedia&parent=1396"}],"wp:term":[{"taxonomy":"product_brand","embeddable":true,"href":"https:\/\/valdauto.lt\/index.php?rest_route=%2Fwp%2Fv2%2Fproduct_brand&post=1396"},{"taxonomy":"product_cat","embeddable":true,"href":"https:\/\/valdauto.lt\/index.php?rest_route=%2Fwp%2Fv2%2Fproduct_cat&post=1396"},{"taxonomy":"product_tag","embeddable":true,"href":"https:\/\/valdauto.lt\/index.php?rest_route=%2Fwp%2Fv2%2Fproduct_tag&post=1396"}],"curies":[{"name":"wp","href":"https:\/\/api.w.org\/{rel}","templated":true}]}}