{"id":1387,"date":"2021-03-16T14:57:05","date_gmt":"2021-03-16T12:57:05","guid":{"rendered":"https:\/\/valdauto.lt\/?post_type=product&#038;p=1387"},"modified":"2021-03-16T14:57:05","modified_gmt":"2021-03-16T12:57:05","slug":"mercedes-benz-glc-c-klases-duru-apdaila","status":"publish","type":"product","link":"https:\/\/valdauto.lt\/?product=mercedes-benz-glc-c-klases-duru-apdaila","title":{"rendered":"Mercedes Benz GLC C klas\u0117s dur\u0173 apdaila"},"content":{"rendered":"<p>Mercedes Benz GLC C klas\u0117s dur\u0173 apdaila c klas\u0117s 2018 met\u0173 automobilio .<\/p>\n<p>Be led ap\u0161vietimo , standartin\u0117 audio sistema. \u0160ildomos priekin\u0117s s\u0117dyn\u0117s.<\/p>\n","protected":false},"excerpt":{"rendered":"<p>A2057300522 A2057300622 A2057202580 A2057201622<\/p>\n","protected":false},"featured_media":1388,"template":"","meta":{"om_disable_all_campaigns":false,"_monsterinsights_skip_tracking":false,"_monsterinsights_sitenote_active":false,"_monsterinsights_sitenote_note":"","_monsterinsights_sitenote_category":0,"_uf_show_specific_survey":0,"_uf_disable_surveys":false,"slim_seo":{"title":"Mercedes Benz GLC C klas\u0117s dur\u0173 apdaila","description":"Mercedes Benz GLC C klas\u0117s dur\u0173 apdaila A2057300522 A2057300622 A2057202580 A2057201622"}},"product_brand":[],"product_cat":[31],"product_tag":[119,251,250,120],"class_list":{"0":"post-1387","1":"product","2":"type-product","3":"status-publish","4":"has-post-thumbnail","6":"product_cat-mercedes-benz-salono-komforto-aksesuarai","7":"product_tag-a2057300522","8":"product_tag-a2057201622","9":"product_tag-a2057202580","10":"product_tag-a2057300622","12":"first","13":"instock","14":"taxable","15":"shipping-taxable","16":"purchasable","17":"product-type-simple","18":"berocket_lgv_grid","19":"berocket_lgv_list_grid"},"_links":{"self":[{"href":"https:\/\/valdauto.lt\/index.php?rest_route=\/wp\/v2\/product\/1387","targetHints":{"allow":["GET"]}}],"collection":[{"href":"https:\/\/valdauto.lt\/index.php?rest_route=\/wp\/v2\/product"}],"about":[{"href":"https:\/\/valdauto.lt\/index.php?rest_route=\/wp\/v2\/types\/product"}],"version-history":[{"count":1,"href":"https:\/\/valdauto.lt\/index.php?rest_route=\/wp\/v2\/product\/1387\/revisions"}],"predecessor-version":[{"id":1394,"href":"https:\/\/valdauto.lt\/index.php?rest_route=\/wp\/v2\/product\/1387\/revisions\/1394"}],"wp:featuredmedia":[{"embeddable":true,"href":"https:\/\/valdauto.lt\/index.php?rest_route=\/wp\/v2\/media\/1388"}],"wp:attachment":[{"href":"https:\/\/valdauto.lt\/index.php?rest_route=%2Fwp%2Fv2%2Fmedia&parent=1387"}],"wp:term":[{"taxonomy":"product_brand","embeddable":true,"href":"https:\/\/valdauto.lt\/index.php?rest_route=%2Fwp%2Fv2%2Fproduct_brand&post=1387"},{"taxonomy":"product_cat","embeddable":true,"href":"https:\/\/valdauto.lt\/index.php?rest_route=%2Fwp%2Fv2%2Fproduct_cat&post=1387"},{"taxonomy":"product_tag","embeddable":true,"href":"https:\/\/valdauto.lt\/index.php?rest_route=%2Fwp%2Fv2%2Fproduct_tag&post=1387"}],"curies":[{"name":"wp","href":"https:\/\/api.w.org\/{rel}","templated":true}]}}