{"id":1368,"date":"2021-01-28T20:20:28","date_gmt":"2021-01-28T18:20:28","guid":{"rendered":"https:\/\/valdauto.lt\/?post_type=product&#038;p=1368"},"modified":"2021-01-28T20:20:28","modified_gmt":"2021-01-28T18:20:28","slug":"mercedes-benz-c-class-w205-galinis-desines-zibintas-a2059062102-usa","status":"publish","type":"product","link":"https:\/\/valdauto.lt\/?product=mercedes-benz-c-class-w205-galinis-desines-zibintas-a2059062102-usa","title":{"rendered":"MERCEDES-BENZ C-CLASS (W205) Galinis de\u0161in\u0117s \u017eibintas A2059062102 USA"},"content":{"rendered":"<p>Mercedes Benz C klas\u0117s W205 k\u0117bulo galinis de\u0161in\u0117s pus\u0117s \u017eibintas USA versijos.<\/p>\n","protected":false},"excerpt":{"rendered":"<p>Tinka W205 C klas\u0117s sedanui<\/p>\n","protected":false},"featured_media":1369,"template":"","meta":{"om_disable_all_campaigns":false,"_monsterinsights_skip_tracking":false,"_monsterinsights_sitenote_active":false,"_monsterinsights_sitenote_note":"","_monsterinsights_sitenote_category":0,"_uf_show_specific_survey":0,"_uf_disable_surveys":false,"slim_seo":{"title":"MERCEDES-BENZ C-CLASS (W205) Galinis de\u0161in\u0117s \u017eibintas A2059062102 USA","description":"Mercedes Benz C klas\u0117s W205 k\u0117bulo galinis de\u0161in\u0117s pus\u0117s \u017eibintas USA versijos."}},"product_brand":[],"product_cat":[21],"product_tag":[249],"class_list":{"0":"post-1368","1":"product","2":"type-product","3":"status-publish","4":"has-post-thumbnail","6":"product_cat-mercedes-benz-zibintai","7":"product_tag-a2059062102","9":"first","10":"instock","11":"taxable","12":"shipping-taxable","13":"purchasable","14":"product-type-simple","15":"berocket_lgv_grid","16":"berocket_lgv_list_grid"},"_links":{"self":[{"href":"https:\/\/valdauto.lt\/index.php?rest_route=\/wp\/v2\/product\/1368","targetHints":{"allow":["GET"]}}],"collection":[{"href":"https:\/\/valdauto.lt\/index.php?rest_route=\/wp\/v2\/product"}],"about":[{"href":"https:\/\/valdauto.lt\/index.php?rest_route=\/wp\/v2\/types\/product"}],"version-history":[{"count":1,"href":"https:\/\/valdauto.lt\/index.php?rest_route=\/wp\/v2\/product\/1368\/revisions"}],"predecessor-version":[{"id":1370,"href":"https:\/\/valdauto.lt\/index.php?rest_route=\/wp\/v2\/product\/1368\/revisions\/1370"}],"wp:featuredmedia":[{"embeddable":true,"href":"https:\/\/valdauto.lt\/index.php?rest_route=\/wp\/v2\/media\/1369"}],"wp:attachment":[{"href":"https:\/\/valdauto.lt\/index.php?rest_route=%2Fwp%2Fv2%2Fmedia&parent=1368"}],"wp:term":[{"taxonomy":"product_brand","embeddable":true,"href":"https:\/\/valdauto.lt\/index.php?rest_route=%2Fwp%2Fv2%2Fproduct_brand&post=1368"},{"taxonomy":"product_cat","embeddable":true,"href":"https:\/\/valdauto.lt\/index.php?rest_route=%2Fwp%2Fv2%2Fproduct_cat&post=1368"},{"taxonomy":"product_tag","embeddable":true,"href":"https:\/\/valdauto.lt\/index.php?rest_route=%2Fwp%2Fv2%2Fproduct_tag&post=1368"}],"curies":[{"name":"wp","href":"https:\/\/api.w.org\/{rel}","templated":true}]}}