{"id":1365,"date":"2021-01-28T19:38:46","date_gmt":"2021-01-28T17:38:46","guid":{"rendered":"https:\/\/valdauto.lt\/?post_type=product&#038;p=1365"},"modified":"2021-01-28T20:16:40","modified_gmt":"2021-01-28T18:16:40","slug":"mercedes-benz-c-class-w205-galinis-kairys-zibintas-a2059062002","status":"publish","type":"product","link":"https:\/\/valdauto.lt\/?product=mercedes-benz-c-class-w205-galinis-kairys-zibintas-a2059062002","title":{"rendered":"MERCEDES-BENZ C-CLASS (W205) Galinis kairys \u017eibintas A2059062002"},"content":{"rendered":"<p>Mercedes Benz C klas\u0117s W205 k\u0117bulo galinis kair\u0117s pus\u0117s \u017eibintas USA versijos.<\/p>\n","protected":false},"excerpt":{"rendered":"<p>Tinka 205 k\u0117bulo sedanui. USA versija<\/p>\n","protected":false},"featured_media":1366,"template":"","meta":{"om_disable_all_campaigns":false,"_monsterinsights_skip_tracking":false,"_monsterinsights_sitenote_active":false,"_monsterinsights_sitenote_note":"","_monsterinsights_sitenote_category":0,"_uf_show_specific_survey":0,"_uf_disable_surveys":false,"slim_seo":{"title":"MERCEDES-BENZ C-CLASS (W205) Galinis kairys \u017eibintas A2059062002","description":"Mercedes Benz C klas\u0117s W205 k\u0117bulo galinis kair\u0117s pus\u0117s \u017eibintas USA versijos.\u00a0"}},"product_brand":[],"product_cat":[21],"product_tag":[248],"class_list":{"0":"post-1365","1":"product","2":"type-product","3":"status-publish","4":"has-post-thumbnail","6":"product_cat-mercedes-benz-zibintai","7":"product_tag-a2059062002","9":"first","10":"instock","11":"taxable","12":"shipping-taxable","13":"purchasable","14":"product-type-simple","15":"berocket_lgv_grid","16":"berocket_lgv_list_grid"},"_links":{"self":[{"href":"https:\/\/valdauto.lt\/index.php?rest_route=\/wp\/v2\/product\/1365","targetHints":{"allow":["GET"]}}],"collection":[{"href":"https:\/\/valdauto.lt\/index.php?rest_route=\/wp\/v2\/product"}],"about":[{"href":"https:\/\/valdauto.lt\/index.php?rest_route=\/wp\/v2\/types\/product"}],"version-history":[{"count":1,"href":"https:\/\/valdauto.lt\/index.php?rest_route=\/wp\/v2\/product\/1365\/revisions"}],"predecessor-version":[{"id":1367,"href":"https:\/\/valdauto.lt\/index.php?rest_route=\/wp\/v2\/product\/1365\/revisions\/1367"}],"wp:featuredmedia":[{"embeddable":true,"href":"https:\/\/valdauto.lt\/index.php?rest_route=\/wp\/v2\/media\/1366"}],"wp:attachment":[{"href":"https:\/\/valdauto.lt\/index.php?rest_route=%2Fwp%2Fv2%2Fmedia&parent=1365"}],"wp:term":[{"taxonomy":"product_brand","embeddable":true,"href":"https:\/\/valdauto.lt\/index.php?rest_route=%2Fwp%2Fv2%2Fproduct_brand&post=1365"},{"taxonomy":"product_cat","embeddable":true,"href":"https:\/\/valdauto.lt\/index.php?rest_route=%2Fwp%2Fv2%2Fproduct_cat&post=1365"},{"taxonomy":"product_tag","embeddable":true,"href":"https:\/\/valdauto.lt\/index.php?rest_route=%2Fwp%2Fv2%2Fproduct_tag&post=1365"}],"curies":[{"name":"wp","href":"https:\/\/api.w.org\/{rel}","templated":true}]}}