{"id":1262,"date":"2020-11-15T16:09:53","date_gmt":"2020-11-15T14:09:53","guid":{"rendered":"https:\/\/valdauto.lt\/?post_type=product&#038;p=1262"},"modified":"2020-11-15T16:09:54","modified_gmt":"2020-11-15T14:09:54","slug":"galine-spyna-su-pritraukimo-mechanizmu-a0997400600-a0999068600","status":"publish","type":"product","link":"https:\/\/valdauto.lt\/?product=galine-spyna-su-pritraukimo-mechanizmu-a0997400600-a0999068600","title":{"rendered":"Galin\u0117 spyn\u0105 su pritraukimo mechanizmu A0997400600  A0999068600"},"content":{"rendered":"<p>Mercedes Benz galinio dang\u010dio spyna su pritraukimo mechanizmu<\/p>\n","protected":false},"excerpt":{"rendered":"<p>Tinka ir GLE modeliui GLC Coupe<\/p>\n","protected":false},"featured_media":1263,"template":"","meta":{"om_disable_all_campaigns":false,"_monsterinsights_skip_tracking":false,"_monsterinsights_sitenote_active":false,"_monsterinsights_sitenote_note":"","_monsterinsights_sitenote_category":0,"_uf_show_specific_survey":0,"_uf_disable_surveys":false,"slim_seo":{"title":"Galin\u0117 spyn\u0105 su pritraukimo mechanizmu A0997400600 A0999068600","description":"Mercedes Benz galinio dang\u010dio spyna su pritraukimo mechanizmu\u00a0"}},"product_brand":[],"product_cat":[20,22],"product_tag":[242,243],"class_list":{"0":"post-1262","1":"product","2":"type-product","3":"status-publish","4":"has-post-thumbnail","6":"product_cat-mercedes-benz-kebulo-dalys","7":"product_cat-mercedes-benz-elektronika","8":"product_tag-a0997400600","9":"product_tag-a0999068600","11":"first","12":"instock","13":"taxable","14":"shipping-taxable","15":"purchasable","16":"product-type-simple","17":"berocket_lgv_grid","18":"berocket_lgv_list_grid"},"_links":{"self":[{"href":"https:\/\/valdauto.lt\/index.php?rest_route=\/wp\/v2\/product\/1262","targetHints":{"allow":["GET"]}}],"collection":[{"href":"https:\/\/valdauto.lt\/index.php?rest_route=\/wp\/v2\/product"}],"about":[{"href":"https:\/\/valdauto.lt\/index.php?rest_route=\/wp\/v2\/types\/product"}],"version-history":[{"count":1,"href":"https:\/\/valdauto.lt\/index.php?rest_route=\/wp\/v2\/product\/1262\/revisions"}],"predecessor-version":[{"id":1264,"href":"https:\/\/valdauto.lt\/index.php?rest_route=\/wp\/v2\/product\/1262\/revisions\/1264"}],"wp:featuredmedia":[{"embeddable":true,"href":"https:\/\/valdauto.lt\/index.php?rest_route=\/wp\/v2\/media\/1263"}],"wp:attachment":[{"href":"https:\/\/valdauto.lt\/index.php?rest_route=%2Fwp%2Fv2%2Fmedia&parent=1262"}],"wp:term":[{"taxonomy":"product_brand","embeddable":true,"href":"https:\/\/valdauto.lt\/index.php?rest_route=%2Fwp%2Fv2%2Fproduct_brand&post=1262"},{"taxonomy":"product_cat","embeddable":true,"href":"https:\/\/valdauto.lt\/index.php?rest_route=%2Fwp%2Fv2%2Fproduct_cat&post=1262"},{"taxonomy":"product_tag","embeddable":true,"href":"https:\/\/valdauto.lt\/index.php?rest_route=%2Fwp%2Fv2%2Fproduct_tag&post=1262"}],"curies":[{"name":"wp","href":"https:\/\/api.w.org\/{rel}","templated":true}]}}