{"id":1175,"date":"2020-11-02T16:59:10","date_gmt":"2020-11-02T14:59:10","guid":{"rendered":"https:\/\/valdauto.lt\/?post_type=product&#038;p=1175"},"modified":"2020-11-02T16:59:11","modified_gmt":"2020-11-02T14:59:11","slug":"amg-glc-skirtingu-plociu-ratlankiai-r20","status":"publish","type":"product","link":"https:\/\/valdauto.lt\/?product=amg-glc-skirtingu-plociu-ratlankiai-r20","title":{"rendered":"AMG GLC skirtingu plo\u010di\u0173 ratlankiai R20"},"content":{"rendered":"<p>AMG skirtingu plo\u010di\u0173 ratlankiai.<\/p>\n<p>A2534011900 8.5Jx20H2 ET40 padangos Michelin latitude sport 3 255\/45\/R20<\/p>\n<p>A2534012700 9.5x20H2 ET22\u00a0 padangos Michelin latitude sport 3 285\/40R20<\/p>\n","protected":false},"excerpt":{"rendered":"<p>Geros b\u016bkl\u0117s, naujai perlakuoti ir frezuoti ratlankiai. Padangos 2018 met\u0173 .<\/p>\n","protected":false},"featured_media":1176,"template":"","meta":{"om_disable_all_campaigns":false,"_monsterinsights_skip_tracking":false,"_monsterinsights_sitenote_active":false,"_monsterinsights_sitenote_note":"","_monsterinsights_sitenote_category":0,"_uf_show_specific_survey":0,"_uf_disable_surveys":false,"slim_seo":{"title":"AMG GLC skirtingu plo\u010di\u0173 ratlankiai R20","description":"Geros b\u016bkl\u0117s, naujai perlakuoti ir frezuoti ratlankiai. Padangos 2018 met\u0173 ."}},"product_brand":[],"product_cat":[19],"product_tag":[214,215,216],"class_list":{"0":"post-1175","1":"product","2":"type-product","3":"status-publish","4":"has-post-thumbnail","6":"product_cat-mercedes-benz-ratlankiai","7":"product_tag-a2534011900","8":"product_tag-a2534012700","9":"product_tag-michelin-latitude-sport-3","11":"first","12":"instock","13":"taxable","14":"shipping-taxable","15":"purchasable","16":"product-type-simple","17":"berocket_lgv_grid","18":"berocket_lgv_list_grid"},"_links":{"self":[{"href":"https:\/\/valdauto.lt\/index.php?rest_route=\/wp\/v2\/product\/1175","targetHints":{"allow":["GET"]}}],"collection":[{"href":"https:\/\/valdauto.lt\/index.php?rest_route=\/wp\/v2\/product"}],"about":[{"href":"https:\/\/valdauto.lt\/index.php?rest_route=\/wp\/v2\/types\/product"}],"version-history":[{"count":1,"href":"https:\/\/valdauto.lt\/index.php?rest_route=\/wp\/v2\/product\/1175\/revisions"}],"predecessor-version":[{"id":1182,"href":"https:\/\/valdauto.lt\/index.php?rest_route=\/wp\/v2\/product\/1175\/revisions\/1182"}],"wp:featuredmedia":[{"embeddable":true,"href":"https:\/\/valdauto.lt\/index.php?rest_route=\/wp\/v2\/media\/1176"}],"wp:attachment":[{"href":"https:\/\/valdauto.lt\/index.php?rest_route=%2Fwp%2Fv2%2Fmedia&parent=1175"}],"wp:term":[{"taxonomy":"product_brand","embeddable":true,"href":"https:\/\/valdauto.lt\/index.php?rest_route=%2Fwp%2Fv2%2Fproduct_brand&post=1175"},{"taxonomy":"product_cat","embeddable":true,"href":"https:\/\/valdauto.lt\/index.php?rest_route=%2Fwp%2Fv2%2Fproduct_cat&post=1175"},{"taxonomy":"product_tag","embeddable":true,"href":"https:\/\/valdauto.lt\/index.php?rest_route=%2Fwp%2Fv2%2Fproduct_tag&post=1175"}],"curies":[{"name":"wp","href":"https:\/\/api.w.org\/{rel}","templated":true}]}}