{"id":1172,"date":"2020-11-02T16:17:40","date_gmt":"2020-11-02T14:17:40","guid":{"rendered":"https:\/\/valdauto.lt\/?post_type=product&#038;p=1172"},"modified":"2020-11-02T16:17:40","modified_gmt":"2020-11-02T14:17:40","slug":"mercedes-benz-glc-x253-c253-priekines-arkos-apdaila-a2538890125","status":"publish","type":"product","link":"https:\/\/valdauto.lt\/?product=mercedes-benz-glc-x253-c253-priekines-arkos-apdaila-a2538890125","title":{"rendered":"MERCEDES-BENZ GLC (X253\/C253) PRIEKIN\u0116S ARKOS APDAILA A2538890125"},"content":{"rendered":"<p>De\u0161in\u0117s pus\u0117s sparno vidin\u0117 apdaila<\/p>\n","protected":false},"excerpt":{"rendered":"<p>GLC GLC coupe<\/p>\n","protected":false},"featured_media":1173,"template":"","meta":{"om_disable_all_campaigns":false,"_monsterinsights_skip_tracking":false,"_monsterinsights_sitenote_active":false,"_monsterinsights_sitenote_note":"","_monsterinsights_sitenote_category":0,"_uf_show_specific_survey":0,"_uf_disable_surveys":false,"slim_seo":{"title":"MERCEDES-BENZ GLC PRIEKIN\u0116S ARKOS APDAILA A2538890125","description":"GLC GLC coupe"}},"product_brand":[],"product_cat":[20],"product_tag":[213],"class_list":{"0":"post-1172","1":"product","2":"type-product","3":"status-publish","4":"has-post-thumbnail","6":"product_cat-mercedes-benz-kebulo-dalys","7":"product_tag-a2538890125","9":"first","10":"instock","11":"taxable","12":"shipping-taxable","13":"purchasable","14":"product-type-simple","15":"berocket_lgv_grid","16":"berocket_lgv_list_grid"},"_links":{"self":[{"href":"https:\/\/valdauto.lt\/index.php?rest_route=\/wp\/v2\/product\/1172","targetHints":{"allow":["GET"]}}],"collection":[{"href":"https:\/\/valdauto.lt\/index.php?rest_route=\/wp\/v2\/product"}],"about":[{"href":"https:\/\/valdauto.lt\/index.php?rest_route=\/wp\/v2\/types\/product"}],"version-history":[{"count":1,"href":"https:\/\/valdauto.lt\/index.php?rest_route=\/wp\/v2\/product\/1172\/revisions"}],"predecessor-version":[{"id":1174,"href":"https:\/\/valdauto.lt\/index.php?rest_route=\/wp\/v2\/product\/1172\/revisions\/1174"}],"wp:featuredmedia":[{"embeddable":true,"href":"https:\/\/valdauto.lt\/index.php?rest_route=\/wp\/v2\/media\/1173"}],"wp:attachment":[{"href":"https:\/\/valdauto.lt\/index.php?rest_route=%2Fwp%2Fv2%2Fmedia&parent=1172"}],"wp:term":[{"taxonomy":"product_brand","embeddable":true,"href":"https:\/\/valdauto.lt\/index.php?rest_route=%2Fwp%2Fv2%2Fproduct_brand&post=1172"},{"taxonomy":"product_cat","embeddable":true,"href":"https:\/\/valdauto.lt\/index.php?rest_route=%2Fwp%2Fv2%2Fproduct_cat&post=1172"},{"taxonomy":"product_tag","embeddable":true,"href":"https:\/\/valdauto.lt\/index.php?rest_route=%2Fwp%2Fv2%2Fproduct_tag&post=1172"}],"curies":[{"name":"wp","href":"https:\/\/api.w.org\/{rel}","templated":true}]}}