{"id":1163,"date":"2020-11-02T14:40:13","date_gmt":"2020-11-02T12:40:13","guid":{"rendered":"https:\/\/valdauto.lt\/?post_type=product&#038;p=1163"},"modified":"2020-11-02T14:40:14","modified_gmt":"2020-11-02T12:40:14","slug":"bmw-f30-lci-kaires-puses-zibinto-blokas-63117419617","status":"publish","type":"product","link":"https:\/\/valdauto.lt\/?product=bmw-f30-lci-kaires-puses-zibinto-blokas-63117419617","title":{"rendered":"BMW F30 LCI kair\u0117s pus\u0117s \u017eibinto blokas 63117419617"},"content":{"rendered":"<p>Kair\u0117s pus\u0117s F30 LCI USA varianto<\/p>\n","protected":false},"excerpt":{"rendered":"<p>F30 LCi USA<\/p>\n","protected":false},"featured_media":1164,"template":"","meta":{"om_disable_all_campaigns":false,"_monsterinsights_skip_tracking":false,"_monsterinsights_sitenote_active":false,"_monsterinsights_sitenote_note":"","_monsterinsights_sitenote_category":0,"_uf_show_specific_survey":0,"_uf_disable_surveys":false,"slim_seo":{"title":"BMW F30 LCI kair\u0117s pus\u0117s \u017eibinto blokas 63117419617","description":"F30 LCi USA"}},"product_brand":[],"product_cat":[47],"product_tag":[210],"class_list":{"0":"post-1163","1":"product","2":"type-product","3":"status-publish","4":"has-post-thumbnail","6":"product_cat-bmw-zibintai","7":"product_tag-210","9":"first","10":"instock","11":"taxable","12":"shipping-taxable","13":"purchasable","14":"product-type-simple","15":"berocket_lgv_grid","16":"berocket_lgv_list_grid"},"_links":{"self":[{"href":"https:\/\/valdauto.lt\/index.php?rest_route=\/wp\/v2\/product\/1163","targetHints":{"allow":["GET"]}}],"collection":[{"href":"https:\/\/valdauto.lt\/index.php?rest_route=\/wp\/v2\/product"}],"about":[{"href":"https:\/\/valdauto.lt\/index.php?rest_route=\/wp\/v2\/types\/product"}],"version-history":[{"count":1,"href":"https:\/\/valdauto.lt\/index.php?rest_route=\/wp\/v2\/product\/1163\/revisions"}],"predecessor-version":[{"id":1165,"href":"https:\/\/valdauto.lt\/index.php?rest_route=\/wp\/v2\/product\/1163\/revisions\/1165"}],"wp:featuredmedia":[{"embeddable":true,"href":"https:\/\/valdauto.lt\/index.php?rest_route=\/wp\/v2\/media\/1164"}],"wp:attachment":[{"href":"https:\/\/valdauto.lt\/index.php?rest_route=%2Fwp%2Fv2%2Fmedia&parent=1163"}],"wp:term":[{"taxonomy":"product_brand","embeddable":true,"href":"https:\/\/valdauto.lt\/index.php?rest_route=%2Fwp%2Fv2%2Fproduct_brand&post=1163"},{"taxonomy":"product_cat","embeddable":true,"href":"https:\/\/valdauto.lt\/index.php?rest_route=%2Fwp%2Fv2%2Fproduct_cat&post=1163"},{"taxonomy":"product_tag","embeddable":true,"href":"https:\/\/valdauto.lt\/index.php?rest_route=%2Fwp%2Fv2%2Fproduct_tag&post=1163"}],"curies":[{"name":"wp","href":"https:\/\/api.w.org\/{rel}","templated":true}]}}