{"id":1154,"date":"2020-11-02T14:29:23","date_gmt":"2020-11-02T12:29:23","guid":{"rendered":"https:\/\/valdauto.lt\/?post_type=product&#038;p=1154"},"modified":"2020-11-02T14:29:23","modified_gmt":"2020-11-02T12:29:23","slug":"bmw-f30-led-posukio-blokas-63117419619","status":"publish","type":"product","link":"https:\/\/valdauto.lt\/?product=bmw-f30-led-posukio-blokas-63117419619","title":{"rendered":"BMW F30 LED pos\u016bkio blokas 63117419619"},"content":{"rendered":"<p>Kair\u0117s pus\u0117s LED pos\u016bkio blokas. Europinis variantas<\/p>\n","protected":false},"excerpt":{"rendered":"<p><strong>Tinka \u0161iems BMW modeliams:<\/strong><\/p>\n<p>BMW 3 Serija F30 LCI\u00a0 2014 &#8211; 2018<br \/>\nBMW 3 Serija F31 LCI\u00a0 2014 &#8211; 2018<\/p>\n","protected":false},"featured_media":1155,"template":"","meta":{"om_disable_all_campaigns":false,"_monsterinsights_skip_tracking":false,"_monsterinsights_sitenote_active":false,"_monsterinsights_sitenote_note":"","_monsterinsights_sitenote_category":0,"_uf_show_specific_survey":0,"_uf_disable_surveys":false,"slim_seo":{"title":"BMW F30 LED pos\u016bkio blokas 63117419619","description":"Tinka \u0161iems BMW modeliams: BMW 3 Serija F30 LCI\u00a0 2014 - 2018 BMW 3 Serija F31 LCI\u00a0 2014 - 2018"}},"product_brand":[],"product_cat":[47],"product_tag":[207,205,206],"class_list":{"0":"post-1154","1":"product","2":"type-product","3":"status-publish","4":"has-post-thumbnail","6":"product_cat-bmw-zibintai","7":"product_tag-6311-7419-619","8":"product_tag-205","9":"product_tag-206","11":"first","12":"instock","13":"taxable","14":"shipping-taxable","15":"purchasable","16":"product-type-simple","17":"berocket_lgv_grid","18":"berocket_lgv_list_grid"},"_links":{"self":[{"href":"https:\/\/valdauto.lt\/index.php?rest_route=\/wp\/v2\/product\/1154","targetHints":{"allow":["GET"]}}],"collection":[{"href":"https:\/\/valdauto.lt\/index.php?rest_route=\/wp\/v2\/product"}],"about":[{"href":"https:\/\/valdauto.lt\/index.php?rest_route=\/wp\/v2\/types\/product"}],"version-history":[{"count":1,"href":"https:\/\/valdauto.lt\/index.php?rest_route=\/wp\/v2\/product\/1154\/revisions"}],"predecessor-version":[{"id":1156,"href":"https:\/\/valdauto.lt\/index.php?rest_route=\/wp\/v2\/product\/1154\/revisions\/1156"}],"wp:featuredmedia":[{"embeddable":true,"href":"https:\/\/valdauto.lt\/index.php?rest_route=\/wp\/v2\/media\/1155"}],"wp:attachment":[{"href":"https:\/\/valdauto.lt\/index.php?rest_route=%2Fwp%2Fv2%2Fmedia&parent=1154"}],"wp:term":[{"taxonomy":"product_brand","embeddable":true,"href":"https:\/\/valdauto.lt\/index.php?rest_route=%2Fwp%2Fv2%2Fproduct_brand&post=1154"},{"taxonomy":"product_cat","embeddable":true,"href":"https:\/\/valdauto.lt\/index.php?rest_route=%2Fwp%2Fv2%2Fproduct_cat&post=1154"},{"taxonomy":"product_tag","embeddable":true,"href":"https:\/\/valdauto.lt\/index.php?rest_route=%2Fwp%2Fv2%2Fproduct_tag&post=1154"}],"curies":[{"name":"wp","href":"https:\/\/api.w.org\/{rel}","templated":true}]}}